{"id":8606,"date":"2022-04-28T08:25:25","date_gmt":"2022-04-28T08:25:25","guid":{"rendered":"https:\/\/www.palmaequipmentrental.com\/?post_type=product&#038;p=8606"},"modified":"2025-09-29T13:58:14","modified_gmt":"2025-09-29T13:58:14","slug":"color-checker-spydercheckr","status":"publish","type":"product","link":"https:\/\/palmaequipmentrental.com\/de\/photo-video-equipment-mallorca\/color-checker-spydercheckr\/","title":{"rendered":"Color Checker Spydercheckr"},"content":{"rendered":"<p data-start=\"2035\" data-end=\"2327\">Sichere dir konsistente und pr\u00e4zise Farben bei jeder Produktion mit dem <strong data-start=\"2107\" data-end=\"2124\">Spyder Checkr<\/strong>, erh\u00e4ltlich bei <strong data-start=\"2141\" data-end=\"2167\">Palma Equipment Rental<\/strong>. Dieses professionelle Werkzeug erm\u00f6glicht es Fotograf:innen und Filmschaffenden, vom Set bis zur Postproduktion eine einheitliche Farbgenauigkeit zu erzielen.<\/p>\n<p data-start=\"2329\" data-end=\"2659\">Der Spyder Checkr enth\u00e4lt 48 spektral abgestimmte Farbfelder, darunter Hautt\u00f6ne und Graustufen, und ist ideal f\u00fcr den Einsatz im Studio oder on Location. In Kombination mit Software wie Adobe Lightroom oder Photoshop kannst du individuelle Kalibrierungsprofile f\u00fcr deine Kamera erstellen und Farbabweichungen effektiv korrigieren.<\/p>\n<p data-start=\"2661\" data-end=\"2840\">Ob Modekampagne, Produktshooting oder Dokumentation \u2013 der Spyder Checkr spart wertvolle Bearbeitungszeit und sorgt f\u00fcr konstante Ergebnisse, auch bei wechselnden Lichtbedingungen.<\/p>\n<p data-start=\"2842\" data-end=\"2864\"><strong data-start=\"2842\" data-end=\"2864\">Wichtige Merkmale:<\/strong><\/p>\n<ul data-start=\"2865\" data-end=\"3137\">\n<li data-start=\"2865\" data-end=\"2916\">\n<p data-start=\"2867\" data-end=\"2916\">48 Farbfelder inklusive Hautt\u00f6ne und Graustufen<\/p>\n<\/li>\n<li data-start=\"2917\" data-end=\"2971\">\n<p data-start=\"2919\" data-end=\"2971\">Individuelle Kamerakalibrierungsprofile erstellbar<\/p>\n<\/li>\n<li data-start=\"2972\" data-end=\"3032\">\n<p data-start=\"2974\" data-end=\"3032\">Farbgenauigkeit bei unterschiedlichen Lichtverh\u00e4ltnissen<\/p>\n<\/li>\n<li data-start=\"3033\" data-end=\"3084\">\n<p data-start=\"3035\" data-end=\"3084\">Klappbares, robustes Design f\u00fcr mobilen Einsatz<\/p>\n<\/li>\n<li data-start=\"3085\" data-end=\"3137\">\n<p data-start=\"3087\" data-end=\"3137\">Kompatibel mit Adobe-Software und weiteren Tools<\/p>\n<\/li>\n<\/ul>\n<p data-start=\"3139\" data-end=\"3287\">Kompakt, strapazierf\u00e4hig und ein Muss f\u00fcr jede farbsensible Produktion \u2013 besonders geeignet f\u00fcr das sonnige Mallorca oder Innenr\u00e4ume mit Mischlicht.<\/p>\n<p data-start=\"3289\" data-end=\"3516\"><strong data-start=\"3289\" data-end=\"3315\">Palma Equipment Rental<\/strong> unterst\u00fctzt Produktionen auf Mallorca, Menorca, Ibiza und Formentera mit professionellem Equipment, Farbtools, Kameras, Lichttechnik und vielem mehr \u2013 f\u00fcr reibungslose Abl\u00e4ufe und perfekte Ergebnisse.<\/p>\n","protected":false},"excerpt":{"rendered":"<p>Sichere dir konsistente und pr\u00e4zise Farben bei jeder Produktion mit dem Spyder Checkr, erh\u00e4ltlich bei Palma Equipment Rental. Dieses professionelle Werkzeug erm\u00f6glicht es Fotograf:innen und Filmschaffenden, vom Set bis zur Postproduktion eine einheitliche Farbgenauigkeit zu erzielen. Der Spyder Checkr enth\u00e4lt 48 spektral abgestimmte Farbfelder, darunter Hautt\u00f6ne und Graustufen, und ist ideal f\u00fcr den Einsatz im Studio oder on Location. In [&hellip;]<\/p>\n","protected":false},"featured_media":8604,"template":"","meta":[],"product_cat":[121,172],"product_tag":[],"class_list":{"0":"post-8606","1":"product","2":"type-product","3":"status-publish","4":"has-post-thumbnail","6":"product_cat-kamera-zubehor","7":"product_cat-kamera-zubehor-de","9":"first","10":"instock","11":"shipping-taxable","12":"purchasable","13":"product-type-simple"},"_links":{"self":[{"href":"https:\/\/palmaequipmentrental.com\/de\/wp-json\/wp\/v2\/product\/8606","targetHints":{"allow":["GET"]}}],"collection":[{"href":"https:\/\/palmaequipmentrental.com\/de\/wp-json\/wp\/v2\/product"}],"about":[{"href":"https:\/\/palmaequipmentrental.com\/de\/wp-json\/wp\/v2\/types\/product"}],"wp:featuredmedia":[{"embeddable":true,"href":"https:\/\/palmaequipmentrental.com\/de\/wp-json\/wp\/v2\/media\/8604"}],"wp:attachment":[{"href":"https:\/\/palmaequipmentrental.com\/de\/wp-json\/wp\/v2\/media?parent=8606"}],"wp:term":[{"taxonomy":"product_cat","embeddable":true,"href":"https:\/\/palmaequipmentrental.com\/de\/wp-json\/wp\/v2\/product_cat?post=8606"},{"taxonomy":"product_tag","embeddable":true,"href":"https:\/\/palmaequipmentrental.com\/de\/wp-json\/wp\/v2\/product_tag?post=8606"}],"curies":[{"name":"wp","href":"https:\/\/api.w.org\/{rel}","templated":true}]}}