{"id":8617,"date":"2022-04-28T11:22:02","date_gmt":"2022-04-28T11:22:02","guid":{"rendered":"https:\/\/www.palmaequipmentrental.com\/?post_type=product&#038;p=8617"},"modified":"2022-08-05T11:34:49","modified_gmt":"2022-08-05T11:34:49","slug":"baby-combo-stand","status":"publish","type":"product","link":"https:\/\/palmaequipmentrental.com\/de\/photo-video-equipment-mallorca\/baby-combo-stand\/","title":{"rendered":"Baby Combo Stativ"},"content":{"rendered":"<p><strong>Avenger LOW BOY Combo Stativ 20 Silber 200\u00a0 Stahl Doppelsteigrohr\u00a0(AVA1020CS)<\/strong><\/p>\n<ul>\n<li>Tragf\u00e4higkeit: 35 Kilogramm<\/li>\n<li>maximale H\u00f6he: 198 cm<\/li>\n<li>Bein: 25 x 25 mm, 1 Nivellierbein.<\/li>\n<li>3 Segmente, 2 Steigrohre, \u00d8: 45, 40, 35 mm<\/li>\n<li>Bewegliche S\u00e4ule mit doppelten T-Knobs an den Spider-Gussteilen<\/li>\n<\/ul>\n","protected":false},"excerpt":{"rendered":"<p>Avenger LOW BOY Combo Stativ 20 Silber 200\u00a0 Stahl Doppelsteigrohr\u00a0(AVA1020CS) Tragf\u00e4higkeit: 35 Kilogramm maximale H\u00f6he: 198 cm Bein: 25 x 25 mm, 1 Nivellierbein. 3 Segmente, 2 Steigrohre, \u00d8: 45, 40, 35 mm Bewegliche S\u00e4ule mit doppelten T-Knobs an den Spider-Gussteilen<\/p>\n","protected":false},"featured_media":13287,"template":"","meta":[],"product_cat":[151,165],"product_tag":[],"class_list":{"0":"post-8617","1":"product","2":"type-product","3":"status-publish","4":"has-post-thumbnail","6":"product_cat-lampenstative","7":"product_cat-lampenstative-de","9":"first","10":"instock","11":"shipping-taxable","12":"purchasable","13":"product-type-simple"},"_links":{"self":[{"href":"https:\/\/palmaequipmentrental.com\/de\/wp-json\/wp\/v2\/product\/8617","targetHints":{"allow":["GET"]}}],"collection":[{"href":"https:\/\/palmaequipmentrental.com\/de\/wp-json\/wp\/v2\/product"}],"about":[{"href":"https:\/\/palmaequipmentrental.com\/de\/wp-json\/wp\/v2\/types\/product"}],"wp:featuredmedia":[{"embeddable":true,"href":"https:\/\/palmaequipmentrental.com\/de\/wp-json\/wp\/v2\/media\/13287"}],"wp:attachment":[{"href":"https:\/\/palmaequipmentrental.com\/de\/wp-json\/wp\/v2\/media?parent=8617"}],"wp:term":[{"taxonomy":"product_cat","embeddable":true,"href":"https:\/\/palmaequipmentrental.com\/de\/wp-json\/wp\/v2\/product_cat?post=8617"},{"taxonomy":"product_tag","embeddable":true,"href":"https:\/\/palmaequipmentrental.com\/de\/wp-json\/wp\/v2\/product_tag?post=8617"}],"curies":[{"name":"wp","href":"https:\/\/api.w.org\/{rel}","templated":true}]}}