{"id":8688,"date":"2022-05-11T09:47:45","date_gmt":"2022-05-11T09:47:45","guid":{"rendered":"https:\/\/www.palmaequipmentrental.com\/product\/pro-air-sync-transceiver\/"},"modified":"2025-08-21T09:52:02","modified_gmt":"2025-08-21T09:52:02","slug":"pro-air-sync-transceiver","status":"publish","type":"product","link":"https:\/\/palmaequipmentrental.com\/de\/photo-video-equipment-mallorca\/pro-air-sync-transceiver\/","title":{"rendered":"Profoto Air Sync Transceiver"},"content":{"rendered":"<p><strong><span style=\"line-height: 11.25pt;\">Profoto Air Sync Transceiver.<\/span><\/strong><\/p>\n<ul>\n<li>Das weltweit schnellste System f\u00fcr Fernsynchronisation per Funk nimmt es spielend mit einem Synchronkabel auf und synchronisiert mit bis zu 1\/1600 s.<\/li>\n<li>Synchronisieren Sie jeden Profoto Blitz, der mit Air kompatibel ist.<\/li>\n<li>Synchronisieren Sie Blitze beliebiger Hersteller oder nutzen Sie ihn als Fernausl\u00f6ser f\u00fcr die meisten Kameras.<\/li>\n<li>Unschlagbare Reichweite von 300 m.<\/li>\n<li>8 digitale Kan\u00e4le.<\/li>\n<li>Weltweit zugelassen.<\/li>\n<\/ul>\n<p>&nbsp;<\/p>\n<p><a href=\"https:\/\/youtu.be\/oDfHYg-nIe8\">Check out our video!<\/a><\/p>\n","protected":false},"excerpt":{"rendered":"<p>Profoto Air Sync Transceiver. Das weltweit schnellste System f\u00fcr Fernsynchronisation per Funk nimmt es spielend mit einem Synchronkabel auf und synchronisiert mit bis zu 1\/1600 s. Synchronisieren Sie jeden Profoto Blitz, der mit Air kompatibel ist. Synchronisieren Sie Blitze beliebiger Hersteller oder nutzen Sie ihn als Fernausl\u00f6ser f\u00fcr die meisten Kameras. Unschlagbare Reichweite von 300 m. 8 digitale Kan\u00e4le. Weltweit [&hellip;]<\/p>\n","protected":false},"featured_media":8686,"template":"","meta":[],"product_cat":[122],"product_tag":[],"class_list":{"0":"post-8688","1":"product","2":"type-product","3":"status-publish","4":"has-post-thumbnail","6":"product_cat-sync-de","8":"first","9":"instock","10":"shipping-taxable","11":"purchasable","12":"product-type-simple"},"_links":{"self":[{"href":"https:\/\/palmaequipmentrental.com\/de\/wp-json\/wp\/v2\/product\/8688","targetHints":{"allow":["GET"]}}],"collection":[{"href":"https:\/\/palmaequipmentrental.com\/de\/wp-json\/wp\/v2\/product"}],"about":[{"href":"https:\/\/palmaequipmentrental.com\/de\/wp-json\/wp\/v2\/types\/product"}],"wp:featuredmedia":[{"embeddable":true,"href":"https:\/\/palmaequipmentrental.com\/de\/wp-json\/wp\/v2\/media\/8686"}],"wp:attachment":[{"href":"https:\/\/palmaequipmentrental.com\/de\/wp-json\/wp\/v2\/media?parent=8688"}],"wp:term":[{"taxonomy":"product_cat","embeddable":true,"href":"https:\/\/palmaequipmentrental.com\/de\/wp-json\/wp\/v2\/product_cat?post=8688"},{"taxonomy":"product_tag","embeddable":true,"href":"https:\/\/palmaequipmentrental.com\/de\/wp-json\/wp\/v2\/product_tag?post=8688"}],"curies":[{"name":"wp","href":"https:\/\/api.w.org\/{rel}","templated":true}]}}