{"id":8695,"date":"2022-05-11T10:08:45","date_gmt":"2022-05-11T10:08:45","guid":{"rendered":"https:\/\/www.palmaequipmentrental.com\/?post_type=product&#038;p=8695"},"modified":"2025-08-21T10:33:53","modified_gmt":"2025-08-21T10:33:53","slug":"pocket-wizard-transceiver","status":"publish","type":"product","link":"https:\/\/palmaequipmentrental.com\/de\/photo-video-equipment-mallorca\/pocket-wizard-transceiver\/","title":{"rendered":"Pocket Wizard Transceiver"},"content":{"rendered":"<p id=\"title\" class=\"a-size-large a-spacing-none\"><strong><span id=\"productTitle\" class=\"a-size-large product-title-word-break\">PocketWizard Plus X Transceiver<\/span><\/strong><\/p>\n<p>Der\u00a0<span id=\"productTitle\" class=\"a-size-large product-title-word-break\">PocketWizard Plus X Transceiver<\/span>\u00a0schaltet sofort und intelligent zwischen Sender- und Empf\u00e4ngermodus um, um die Einrichtung so einfach wie m\u00f6glich zu halten. Der PlusX kann nur bei Bedarf auf Senden (Tx) eingestellt werden.<\/p>\n<ul>\n<li>10 Kan\u00e4le<\/li>\n<li>Auto-Relais-Modus &#8211; gleichzeitige Ausl\u00f6sung von Kamera und Blitzger\u00e4ten<\/li>\n<li>Reichweite: &#8211; Bis zu 500 Meter (1600 Fu\u00df) (Die tats\u00e4chliche Reichweite h\u00e4ngt von mehreren Faktoren ab, einschlie\u00dflich Ausr\u00fcstung, Modus, Umgebung, Positionierung, Ausrichtung und Interferenzen)<\/li>\n<li>Synchronisation geschwindigkeit: &#8211; Bis zu 1\/250 f\u00fcr Schlitzverschl\u00fcsse. Bis zu 1\/500 f\u00fcr Blattverschl\u00fcsse<\/li>\n<li>Ausl\u00f6segeschwindigkeit: &#8211; Bis zu 14,5 Bilder pro Sekunde (FPS)<\/li>\n<\/ul>\n<p>&nbsp;<\/p>\n<p><a href=\"https:\/\/youtu.be\/D5FagHu9lzU\">Check out our video!<\/a><\/p>\n","protected":false},"excerpt":{"rendered":"<p>PocketWizard Plus X Transceiver Der\u00a0PocketWizard Plus X Transceiver\u00a0schaltet sofort und intelligent zwischen Sender- und Empf\u00e4ngermodus um, um die Einrichtung so einfach wie m\u00f6glich zu halten. Der PlusX kann nur bei Bedarf auf Senden (Tx) eingestellt werden. 10 Kan\u00e4le Auto-Relais-Modus &#8211; gleichzeitige Ausl\u00f6sung von Kamera und Blitzger\u00e4ten Reichweite: &#8211; Bis zu 500 Meter (1600 Fu\u00df) (Die tats\u00e4chliche Reichweite h\u00e4ngt von mehreren [&hellip;]<\/p>\n","protected":false},"featured_media":8693,"template":"","meta":[],"product_cat":[122],"product_tag":[],"class_list":{"0":"post-8695","1":"product","2":"type-product","3":"status-publish","4":"has-post-thumbnail","6":"product_cat-sync-de","8":"first","9":"instock","10":"shipping-taxable","11":"purchasable","12":"product-type-simple"},"_links":{"self":[{"href":"https:\/\/palmaequipmentrental.com\/de\/wp-json\/wp\/v2\/product\/8695","targetHints":{"allow":["GET"]}}],"collection":[{"href":"https:\/\/palmaequipmentrental.com\/de\/wp-json\/wp\/v2\/product"}],"about":[{"href":"https:\/\/palmaequipmentrental.com\/de\/wp-json\/wp\/v2\/types\/product"}],"wp:featuredmedia":[{"embeddable":true,"href":"https:\/\/palmaequipmentrental.com\/de\/wp-json\/wp\/v2\/media\/8693"}],"wp:attachment":[{"href":"https:\/\/palmaequipmentrental.com\/de\/wp-json\/wp\/v2\/media?parent=8695"}],"wp:term":[{"taxonomy":"product_cat","embeddable":true,"href":"https:\/\/palmaequipmentrental.com\/de\/wp-json\/wp\/v2\/product_cat?post=8695"},{"taxonomy":"product_tag","embeddable":true,"href":"https:\/\/palmaequipmentrental.com\/de\/wp-json\/wp\/v2\/product_tag?post=8695"}],"curies":[{"name":"wp","href":"https:\/\/api.w.org\/{rel}","templated":true}]}}