{"id":8720,"date":"2022-05-11T10:50:24","date_gmt":"2022-05-11T10:50:24","guid":{"rendered":"https:\/\/www.palmaequipmentrental.com\/?post_type=product&#038;p=8720"},"modified":"2023-03-16T17:26:10","modified_gmt":"2023-03-16T17:26:10","slug":"profoto-narrow-beam-reflector","status":"publish","type":"product","link":"https:\/\/palmaequipmentrental.com\/de\/photo-video-equipment-mallorca\/profoto-narrow-beam-reflector\/","title":{"rendered":"Profoto Narrow Beam Reflektor"},"content":{"rendered":"<p><strong>Profoto Narrow Beam Reflector<\/strong><\/p>\n<p>Viele Fotografen nutzen ihn, um Motive \u00fcber gro\u00dfe Distanzen auszuleuchten oder um eine gr\u00f6\u00dftm\u00f6gliche Lichtleistung zu erzielen. Er liefert einen extremen Hotspot mit \u201ebrutalem\u201c Lichtabfall, der f\u00fcr eine dramatische Wirkung sorgt.<\/p>\n<ul>\n<li>Ausgestattet mit der einzigartigen Zoom-Funktion von Profoto\u00a0\u2013 ver\u00e4ndern Sie die Lichtcharakteristik durch einfaches Vor-und Zur\u00fcckschieben der Vorrichtung am Blitzkopf.<\/li>\n<li>Einstellung des Leuchtwinkels von 25\u00b0\u00a0bis 70\u00b0 am ProHead.<\/li>\n<li>Max. Lichtleistung in 2\u00a0m Entfernung bei 2.400\u00a0Ws und ISO100: f\/128.1 (am ProHead).<\/li>\n<\/ul>\n","protected":false},"excerpt":{"rendered":"<p>Profoto Narrow Beam Reflector Viele Fotografen nutzen ihn, um Motive \u00fcber gro\u00dfe Distanzen auszuleuchten oder um eine gr\u00f6\u00dftm\u00f6gliche Lichtleistung zu erzielen. Er liefert einen extremen Hotspot mit \u201ebrutalem\u201c Lichtabfall, der f\u00fcr eine dramatische Wirkung sorgt. Ausgestattet mit der einzigartigen Zoom-Funktion von Profoto\u00a0\u2013 ver\u00e4ndern Sie die Lichtcharakteristik durch einfaches Vor-und Zur\u00fcckschieben der Vorrichtung am Blitzkopf. Einstellung des Leuchtwinkels von 25\u00b0\u00a0bis 70\u00b0 [&hellip;]<\/p>\n","protected":false},"featured_media":8718,"template":"","meta":[],"product_cat":[784],"product_tag":[],"class_list":{"0":"post-8720","1":"product","2":"type-product","3":"status-publish","4":"has-post-thumbnail","6":"product_cat-pro-lightformer","8":"first","9":"instock","10":"shipping-taxable","11":"purchasable","12":"product-type-simple"},"_links":{"self":[{"href":"https:\/\/palmaequipmentrental.com\/de\/wp-json\/wp\/v2\/product\/8720","targetHints":{"allow":["GET"]}}],"collection":[{"href":"https:\/\/palmaequipmentrental.com\/de\/wp-json\/wp\/v2\/product"}],"about":[{"href":"https:\/\/palmaequipmentrental.com\/de\/wp-json\/wp\/v2\/types\/product"}],"wp:featuredmedia":[{"embeddable":true,"href":"https:\/\/palmaequipmentrental.com\/de\/wp-json\/wp\/v2\/media\/8718"}],"wp:attachment":[{"href":"https:\/\/palmaequipmentrental.com\/de\/wp-json\/wp\/v2\/media?parent=8720"}],"wp:term":[{"taxonomy":"product_cat","embeddable":true,"href":"https:\/\/palmaequipmentrental.com\/de\/wp-json\/wp\/v2\/product_cat?post=8720"},{"taxonomy":"product_tag","embeddable":true,"href":"https:\/\/palmaequipmentrental.com\/de\/wp-json\/wp\/v2\/product_tag?post=8720"}],"curies":[{"name":"wp","href":"https:\/\/api.w.org\/{rel}","templated":true}]}}