{"id":8726,"date":"2022-05-11T11:03:57","date_gmt":"2022-05-11T11:03:57","guid":{"rendered":"https:\/\/www.palmaequipmentrental.com\/?post_type=product&#038;p=8726"},"modified":"2022-08-05T11:34:47","modified_gmt":"2022-08-05T11:34:47","slug":"profoto-disc-reflector","status":"publish","type":"product","link":"https:\/\/palmaequipmentrental.com\/de\/photo-video-equipment-mallorca\/profoto-disc-reflector\/","title":{"rendered":"Profoto Disc Reflektor"},"content":{"rendered":"<p><strong>Profoto Disc Reflektor<\/strong><\/p>\n<p>Der Disc Reflector minimiert Streulicht, ohne das Licht zu fokussieren oder die Lichtcharakteristik zu ver\u00e4ndern. Die meisten Fotografen verwenden ihn zusammen mit einem Blitzschirm, damit an den Kanten des Schirms kein Licht austritt. Das ist aber nicht die einzige Einsatzm\u00f6glichkeit. Durch seine geringe Gr\u00f6\u00dfe und sein geringes Gewicht l\u00e4sst sich der Disc Reflector beispielsweise sehr gut zu On-Location-Shootings mitnehmen.<\/p>\n<p>Max. Lichtleistung in 2\u00a0m Entfernung bei 2.400\u00a0Ws und ISO100: f\/64.1 (am ProHead).<\/p>\n","protected":false},"excerpt":{"rendered":"<p>Profoto Disc Reflektor Der Disc Reflector minimiert Streulicht, ohne das Licht zu fokussieren oder die Lichtcharakteristik zu ver\u00e4ndern. Die meisten Fotografen verwenden ihn zusammen mit einem Blitzschirm, damit an den Kanten des Schirms kein Licht austritt. Das ist aber nicht die einzige Einsatzm\u00f6glichkeit. Durch seine geringe Gr\u00f6\u00dfe und sein geringes Gewicht l\u00e4sst sich der Disc Reflector beispielsweise sehr gut zu [&hellip;]<\/p>\n","protected":false},"featured_media":8724,"template":"","meta":[],"product_cat":[784],"product_tag":[],"class_list":{"0":"post-8726","1":"product","2":"type-product","3":"status-publish","4":"has-post-thumbnail","6":"product_cat-pro-lightformer","8":"first","9":"instock","10":"shipping-taxable","11":"purchasable","12":"product-type-simple"},"_links":{"self":[{"href":"https:\/\/palmaequipmentrental.com\/de\/wp-json\/wp\/v2\/product\/8726","targetHints":{"allow":["GET"]}}],"collection":[{"href":"https:\/\/palmaequipmentrental.com\/de\/wp-json\/wp\/v2\/product"}],"about":[{"href":"https:\/\/palmaequipmentrental.com\/de\/wp-json\/wp\/v2\/types\/product"}],"wp:featuredmedia":[{"embeddable":true,"href":"https:\/\/palmaequipmentrental.com\/de\/wp-json\/wp\/v2\/media\/8724"}],"wp:attachment":[{"href":"https:\/\/palmaequipmentrental.com\/de\/wp-json\/wp\/v2\/media?parent=8726"}],"wp:term":[{"taxonomy":"product_cat","embeddable":true,"href":"https:\/\/palmaequipmentrental.com\/de\/wp-json\/wp\/v2\/product_cat?post=8726"},{"taxonomy":"product_tag","embeddable":true,"href":"https:\/\/palmaequipmentrental.com\/de\/wp-json\/wp\/v2\/product_tag?post=8726"}],"curies":[{"name":"wp","href":"https:\/\/api.w.org\/{rel}","templated":true}]}}