{"id":8762,"date":"2022-05-11T11:48:16","date_gmt":"2022-05-11T11:48:16","guid":{"rendered":"https:\/\/www.palmaequipmentrental.com\/?post_type=product&#038;p=8762"},"modified":"2023-02-17T12:53:07","modified_gmt":"2023-02-17T12:53:07","slug":"profoto-speed-ring-for-bowens","status":"publish","type":"product","link":"https:\/\/palmaequipmentrental.com\/de\/photo-video-equipment-mallorca\/profoto-speed-ring-for-bowens\/","title":{"rendered":"Profoto Speedring f\u00fcr Bowens"},"content":{"rendered":"<p><strong>Profoto SpeedRing Adapter f\u00fcr Bowens \/ Calumet \/ Aurora \/ Fomex Blitzk\u00f6pfe<\/strong><\/p>\n<p>Er ist um 360 Grad drehbar und bietet so maximale kreative Flexibilit\u00e4t. Der Speed Ring verf\u00fcgt \u00fcber hitzebest\u00e4ndige, lackierte, farbkodierte Softbox-Polfassungen f\u00fcr eine schnelle Montage. Er passt sowohl auf vier- als auch auf achtseitige RFi-Softboxen, die jeweils farblich auf den Speedring abgestimmte Stangen haben.<\/p>\n","protected":false},"excerpt":{"rendered":"<p>Profoto SpeedRing Adapter f\u00fcr Bowens \/ Calumet \/ Aurora \/ Fomex Blitzk\u00f6pfe Er ist um 360 Grad drehbar und bietet so maximale kreative Flexibilit\u00e4t. Der Speed Ring verf\u00fcgt \u00fcber hitzebest\u00e4ndige, lackierte, farbkodierte Softbox-Polfassungen f\u00fcr eine schnelle Montage. Er passt sowohl auf vier- als auch auf achtseitige RFi-Softboxen, die jeweils farblich auf den Speedring abgestimmte Stangen haben.<\/p>\n","protected":false},"featured_media":8760,"template":"","meta":[],"product_cat":[135],"product_tag":[],"class_list":{"0":"post-8762","1":"product","2":"type-product","3":"status-publish","4":"has-post-thumbnail","6":"product_cat-softboxen","8":"first","9":"instock","10":"shipping-taxable","11":"purchasable","12":"product-type-simple"},"_links":{"self":[{"href":"https:\/\/palmaequipmentrental.com\/de\/wp-json\/wp\/v2\/product\/8762","targetHints":{"allow":["GET"]}}],"collection":[{"href":"https:\/\/palmaequipmentrental.com\/de\/wp-json\/wp\/v2\/product"}],"about":[{"href":"https:\/\/palmaequipmentrental.com\/de\/wp-json\/wp\/v2\/types\/product"}],"wp:featuredmedia":[{"embeddable":true,"href":"https:\/\/palmaequipmentrental.com\/de\/wp-json\/wp\/v2\/media\/8760"}],"wp:attachment":[{"href":"https:\/\/palmaequipmentrental.com\/de\/wp-json\/wp\/v2\/media?parent=8762"}],"wp:term":[{"taxonomy":"product_cat","embeddable":true,"href":"https:\/\/palmaequipmentrental.com\/de\/wp-json\/wp\/v2\/product_cat?post=8762"},{"taxonomy":"product_tag","embeddable":true,"href":"https:\/\/palmaequipmentrental.com\/de\/wp-json\/wp\/v2\/product_tag?post=8762"}],"curies":[{"name":"wp","href":"https:\/\/api.w.org\/{rel}","templated":true}]}}