{"id":8827,"date":"2022-05-13T12:30:56","date_gmt":"2022-05-13T12:30:56","guid":{"rendered":"https:\/\/www.palmaequipmentrental.com\/?post_type=product&#038;p=8827"},"modified":"2022-08-08T08:10:12","modified_gmt":"2022-08-08T08:10:12","slug":"westcott-cine-clamp","status":"publish","type":"product","link":"https:\/\/palmaequipmentrental.com\/de\/photo-video-equipment-mallorca\/westcott-cine-clamp\/","title":{"rendered":"Westcott CINE Clamp"},"content":{"rendered":"<p><strong>Scrim Jim Cine Klemme mit 5\/8\u2033 Bolzen<\/strong><\/p>\n<ul>\n<li>Kompatibel mit dem originalen Scrim Jim und Scrim Jim CINE System von Westcott<\/li>\n<li>Kombiniert mit einem Griffkopf zur Befestigung des Scrim Jim Cine Rahmens an einem Licht- oder C-Stativ<\/li>\n<li>6&#8243; Pfosten mit 5\/8\u2033 (16mm) Baby Stud f\u00fcr zus\u00e4tzliche Stabilit\u00e4t und einfache Montage in einem Stativkopf<\/li>\n<\/ul>\n","protected":false},"excerpt":{"rendered":"<p>Scrim Jim Cine Klemme mit 5\/8\u2033 Bolzen Kompatibel mit dem originalen Scrim Jim und Scrim Jim CINE System von Westcott Kombiniert mit einem Griffkopf zur Befestigung des Scrim Jim Cine Rahmens an einem Licht- oder C-Stativ 6&#8243; Pfosten mit 5\/8\u2033 (16mm) Baby Stud f\u00fcr zus\u00e4tzliche Stabilit\u00e4t und einfache Montage in einem Stativkopf<\/p>\n","protected":false},"featured_media":8825,"template":"","meta":[],"product_cat":[152,166],"product_tag":[],"class_list":{"0":"post-8827","1":"product","2":"type-product","3":"status-publish","4":"has-post-thumbnail","6":"product_cat-klemme","7":"product_cat-klemme-de","9":"first","10":"instock","11":"shipping-taxable","12":"purchasable","13":"product-type-simple"},"_links":{"self":[{"href":"https:\/\/palmaequipmentrental.com\/de\/wp-json\/wp\/v2\/product\/8827","targetHints":{"allow":["GET"]}}],"collection":[{"href":"https:\/\/palmaequipmentrental.com\/de\/wp-json\/wp\/v2\/product"}],"about":[{"href":"https:\/\/palmaequipmentrental.com\/de\/wp-json\/wp\/v2\/types\/product"}],"wp:featuredmedia":[{"embeddable":true,"href":"https:\/\/palmaequipmentrental.com\/de\/wp-json\/wp\/v2\/media\/8825"}],"wp:attachment":[{"href":"https:\/\/palmaequipmentrental.com\/de\/wp-json\/wp\/v2\/media?parent=8827"}],"wp:term":[{"taxonomy":"product_cat","embeddable":true,"href":"https:\/\/palmaequipmentrental.com\/de\/wp-json\/wp\/v2\/product_cat?post=8827"},{"taxonomy":"product_tag","embeddable":true,"href":"https:\/\/palmaequipmentrental.com\/de\/wp-json\/wp\/v2\/product_tag?post=8827"}],"curies":[{"name":"wp","href":"https:\/\/api.w.org\/{rel}","templated":true}]}}