{"id":8833,"date":"2022-05-13T12:44:33","date_gmt":"2022-05-13T12:44:33","guid":{"rendered":"https:\/\/www.palmaequipmentrental.com\/?post_type=product&#038;p=8833"},"modified":"2022-08-05T11:34:45","modified_gmt":"2022-08-05T11:34:45","slug":"poly-fork","status":"publish","type":"product","link":"https:\/\/palmaequipmentrental.com\/de\/photo-video-equipment-mallorca\/poly-fork\/","title":{"rendered":"Poly-Gabel"},"content":{"rendered":"<p>Gabel die ein Polyboard halten k\u00f6nnen.<\/p>\n<ul>\n<li>L\u00e4nge 1,5 cm<\/li>\n<li>H\u00f6he 33cm<\/li>\n<li>Tiefe 15cm<\/li>\n<\/ul>\n","protected":false},"excerpt":{"rendered":"<p>Gabel die ein Polyboard halten k\u00f6nnen. L\u00e4nge 1,5 cm H\u00f6he 33cm Tiefe 15cm<\/p>\n","protected":false},"featured_media":8831,"template":"","meta":[],"product_cat":[152,166],"product_tag":[],"class_list":{"0":"post-8833","1":"product","2":"type-product","3":"status-publish","4":"has-post-thumbnail","6":"product_cat-klemme","7":"product_cat-klemme-de","9":"first","10":"instock","11":"shipping-taxable","12":"purchasable","13":"product-type-simple"},"_links":{"self":[{"href":"https:\/\/palmaequipmentrental.com\/de\/wp-json\/wp\/v2\/product\/8833","targetHints":{"allow":["GET"]}}],"collection":[{"href":"https:\/\/palmaequipmentrental.com\/de\/wp-json\/wp\/v2\/product"}],"about":[{"href":"https:\/\/palmaequipmentrental.com\/de\/wp-json\/wp\/v2\/types\/product"}],"wp:featuredmedia":[{"embeddable":true,"href":"https:\/\/palmaequipmentrental.com\/de\/wp-json\/wp\/v2\/media\/8831"}],"wp:attachment":[{"href":"https:\/\/palmaequipmentrental.com\/de\/wp-json\/wp\/v2\/media?parent=8833"}],"wp:term":[{"taxonomy":"product_cat","embeddable":true,"href":"https:\/\/palmaequipmentrental.com\/de\/wp-json\/wp\/v2\/product_cat?post=8833"},{"taxonomy":"product_tag","embeddable":true,"href":"https:\/\/palmaequipmentrental.com\/de\/wp-json\/wp\/v2\/product_tag?post=8833"}],"curies":[{"name":"wp","href":"https:\/\/api.w.org\/{rel}","templated":true}]}}