{"id":8923,"date":"2022-05-18T12:57:15","date_gmt":"2022-05-18T12:57:15","guid":{"rendered":"https:\/\/www.palmaequipmentrental.com\/?post_type=product&#038;p=8923"},"modified":"2022-08-05T11:34:43","modified_gmt":"2022-08-05T11:34:43","slug":"scaffold-tube-connector","status":"publish","type":"product","link":"https:\/\/palmaequipmentrental.com\/de\/photo-video-equipment-mallorca\/scaffold-tube-connector\/","title":{"rendered":"Ger\u00fcstrohrverbinder"},"content":{"rendered":"<p><strong>Ger\u00fcstrohrverbinder<\/strong><\/p>\n<p>Erm\u00f6glicht eine rechtwinklige Verbindung zwischen zwei Ger\u00fcststangen f\u00fcr Rigging.<\/p>\n","protected":false},"excerpt":{"rendered":"<p>Ger\u00fcstrohrverbinder Erm\u00f6glicht eine rechtwinklige Verbindung zwischen zwei Ger\u00fcststangen f\u00fcr Rigging.<\/p>\n","protected":false},"featured_media":8921,"template":"","meta":[],"product_cat":[152,166],"product_tag":[],"class_list":{"0":"post-8923","1":"product","2":"type-product","3":"status-publish","4":"has-post-thumbnail","6":"product_cat-klemme","7":"product_cat-klemme-de","9":"first","10":"instock","11":"shipping-taxable","12":"purchasable","13":"product-type-simple"},"_links":{"self":[{"href":"https:\/\/palmaequipmentrental.com\/de\/wp-json\/wp\/v2\/product\/8923","targetHints":{"allow":["GET"]}}],"collection":[{"href":"https:\/\/palmaequipmentrental.com\/de\/wp-json\/wp\/v2\/product"}],"about":[{"href":"https:\/\/palmaequipmentrental.com\/de\/wp-json\/wp\/v2\/types\/product"}],"wp:featuredmedia":[{"embeddable":true,"href":"https:\/\/palmaequipmentrental.com\/de\/wp-json\/wp\/v2\/media\/8921"}],"wp:attachment":[{"href":"https:\/\/palmaequipmentrental.com\/de\/wp-json\/wp\/v2\/media?parent=8923"}],"wp:term":[{"taxonomy":"product_cat","embeddable":true,"href":"https:\/\/palmaequipmentrental.com\/de\/wp-json\/wp\/v2\/product_cat?post=8923"},{"taxonomy":"product_tag","embeddable":true,"href":"https:\/\/palmaequipmentrental.com\/de\/wp-json\/wp\/v2\/product_tag?post=8923"}],"curies":[{"name":"wp","href":"https:\/\/api.w.org\/{rel}","templated":true}]}}