{"id":9013,"date":"2022-06-09T12:37:53","date_gmt":"2022-06-09T12:37:53","guid":{"rendered":"https:\/\/www.palmaequipmentrental.com\/?post_type=product&#038;p=9013"},"modified":"2022-08-10T07:56:48","modified_gmt":"2022-08-10T07:56:48","slug":"12x12-silent-grid-cloth-half","status":"publish","type":"product","link":"https:\/\/palmaequipmentrental.com\/de\/photo-video-equipment-mallorca\/12x12-silent-grid-cloth-half\/","title":{"rendered":"12&#215;12 Silent Grid Cloth Half"},"content":{"rendered":"<p><strong>12&#8242; x 12&#8242; (360 cm x 360 cm) Silent Grid Cloth Half Stop.<\/strong><\/p>\n<p>Ideal f\u00fcr Au\u00dfenaufnahmen.<\/p>\n<p>Bei denen Wind Tonprobleme verursachen k\u00f6nnte.<\/p>\n","protected":false},"excerpt":{"rendered":"<p>12&#8242; x 12&#8242; (360 cm x 360 cm) Silent Grid Cloth Half Stop. Ideal f\u00fcr Au\u00dfenaufnahmen. Bei denen Wind Tonprobleme verursachen k\u00f6nnte.<\/p>\n","protected":false},"featured_media":9020,"template":"","meta":[],"product_cat":[816,823],"product_tag":[],"class_list":{"0":"post-9013","1":"product","2":"type-product","3":"status-publish","4":"has-post-thumbnail","6":"product_cat-12x12-butterfly-v-de","7":"product_cat-12x12-butterfly-de","9":"first","10":"instock","11":"shipping-taxable","12":"purchasable","13":"product-type-simple"},"_links":{"self":[{"href":"https:\/\/palmaequipmentrental.com\/de\/wp-json\/wp\/v2\/product\/9013","targetHints":{"allow":["GET"]}}],"collection":[{"href":"https:\/\/palmaequipmentrental.com\/de\/wp-json\/wp\/v2\/product"}],"about":[{"href":"https:\/\/palmaequipmentrental.com\/de\/wp-json\/wp\/v2\/types\/product"}],"wp:featuredmedia":[{"embeddable":true,"href":"https:\/\/palmaequipmentrental.com\/de\/wp-json\/wp\/v2\/media\/9020"}],"wp:attachment":[{"href":"https:\/\/palmaequipmentrental.com\/de\/wp-json\/wp\/v2\/media?parent=9013"}],"wp:term":[{"taxonomy":"product_cat","embeddable":true,"href":"https:\/\/palmaequipmentrental.com\/de\/wp-json\/wp\/v2\/product_cat?post=9013"},{"taxonomy":"product_tag","embeddable":true,"href":"https:\/\/palmaequipmentrental.com\/de\/wp-json\/wp\/v2\/product_tag?post=9013"}],"curies":[{"name":"wp","href":"https:\/\/api.w.org\/{rel}","templated":true}]}}