{"id":9042,"date":"2022-06-13T12:44:32","date_gmt":"2022-06-13T12:44:32","guid":{"rendered":"https:\/\/www.palmaequipmentrental.com\/?post_type=product&#038;p=9042"},"modified":"2022-10-17T14:15:41","modified_gmt":"2022-10-17T14:15:41","slug":"canon-rf-15-35mm-28-l-is-usm","status":"publish","type":"product","link":"https:\/\/palmaequipmentrental.com\/de\/photo-video-equipment-mallorca\/canon-rf-15-35mm-28-l-is-usm\/","title":{"rendered":"Canon RF 15-35mm\/2,8 L IS USM"},"content":{"rendered":"<p><strong>Canon RF 15-35mm f\/2.8L IS USM<\/strong><br \/>\nDas schnellste Ultraweitwinkel-Zoom von Canon mit Nano-USM-Motor, 5-stufiger Bildstabilisierung sowie 3 asph\u00e4rischen und 2 UD-Elementen f\u00fcr beeindruckende Sch\u00e4rfe.<\/p>\n<p><strong>Merkmale<\/strong><\/p>\n<ul>\n<li>F2,8 f\u00fcr niedrige Lichtleistung und geringe Sch\u00e4rfentiefe<\/li>\n<li>Bildstabilisator 5-stufige Stabilisierung f\u00fcr verwacklungsfreie Bilder<\/li>\n<li>Asph\u00e4rische und UD-Elemente F\u00fcr au\u00dfergew\u00f6hnlich scharfe Bilder<\/li>\n<li>Nano-USM-Motor F\u00fcr einen reibungslosen, schnellen und leisen Betrieb<\/li>\n<li>Subwavelength Structure Coating (SWC), ASC (Air Sphere Coating) Zur Vermeidung von Streulicht und Geisterbildern<\/li>\n<li>Objektivsteuerungsring F\u00fcr zus\u00e4tzliche Kontrolle \u00fcber ISO, Blende und Verschluss<\/li>\n<li>Anzahl der Blendenlamellen 9<\/li>\n<li>Minimale Blenden\u00f6ffnung 22<\/li>\n<li>Naheliegendste Fokussierentfernung 0,28<\/li>\n<li>Maximale Vergr\u00f6\u00dferung (x) 0,21 (bei 35 mm)<\/li>\n<\/ul>\n","protected":false},"excerpt":{"rendered":"<p>Canon RF 15-35mm f\/2.8L IS USM Das schnellste Ultraweitwinkel-Zoom von Canon mit Nano-USM-Motor, 5-stufiger Bildstabilisierung sowie 3 asph\u00e4rischen und 2 UD-Elementen f\u00fcr beeindruckende Sch\u00e4rfe. Merkmale F2,8 f\u00fcr niedrige Lichtleistung und geringe Sch\u00e4rfentiefe Bildstabilisator 5-stufige Stabilisierung f\u00fcr verwacklungsfreie Bilder Asph\u00e4rische und UD-Elemente F\u00fcr au\u00dfergew\u00f6hnlich scharfe Bilder Nano-USM-Motor F\u00fcr einen reibungslosen, schnellen und leisen Betrieb Subwavelength Structure Coating (SWC), ASC (Air Sphere [&hellip;]<\/p>\n","protected":false},"featured_media":9040,"template":"","meta":[],"product_cat":[798,792],"product_tag":[],"class_list":{"0":"post-9042","1":"product","2":"type-product","3":"status-publish","4":"has-post-thumbnail","6":"product_cat-rf-objektive-v","7":"product_cat-rf-objektive","9":"first","10":"instock","11":"shipping-taxable","12":"purchasable","13":"product-type-simple"},"_links":{"self":[{"href":"https:\/\/palmaequipmentrental.com\/de\/wp-json\/wp\/v2\/product\/9042","targetHints":{"allow":["GET"]}}],"collection":[{"href":"https:\/\/palmaequipmentrental.com\/de\/wp-json\/wp\/v2\/product"}],"about":[{"href":"https:\/\/palmaequipmentrental.com\/de\/wp-json\/wp\/v2\/types\/product"}],"wp:featuredmedia":[{"embeddable":true,"href":"https:\/\/palmaequipmentrental.com\/de\/wp-json\/wp\/v2\/media\/9040"}],"wp:attachment":[{"href":"https:\/\/palmaequipmentrental.com\/de\/wp-json\/wp\/v2\/media?parent=9042"}],"wp:term":[{"taxonomy":"product_cat","embeddable":true,"href":"https:\/\/palmaequipmentrental.com\/de\/wp-json\/wp\/v2\/product_cat?post=9042"},{"taxonomy":"product_tag","embeddable":true,"href":"https:\/\/palmaequipmentrental.com\/de\/wp-json\/wp\/v2\/product_tag?post=9042"}],"curies":[{"name":"wp","href":"https:\/\/api.w.org\/{rel}","templated":true}]}}