{"id":9068,"date":"2022-06-14T12:29:13","date_gmt":"2022-06-14T12:29:13","guid":{"rendered":"https:\/\/www.palmaequipmentrental.com\/?post_type=product&#038;p=9068"},"modified":"2022-08-05T11:34:38","modified_gmt":"2022-08-05T11:34:38","slug":"vanguard-stone-bag","status":"publish","type":"product","link":"https:\/\/palmaequipmentrental.com\/de\/photo-video-equipment-mallorca\/vanguard-stone-bag\/","title":{"rendered":"Vanguard Stativ\u00a0Steinbeutel"},"content":{"rendered":"<p><strong>Vanguard Stativ\u00a0Steinbeutel.<\/strong><\/p>\n<ul>\n<li>L\u00e4sst sich einfach an allen Stativen .<\/li>\n<li>Befestigen Aus Polyester gefertigt.<\/li>\n<li>mehr Stabilit\u00e4t f\u00fcr alle Stative.<\/li>\n<li>90 g.<\/li>\n<\/ul>\n","protected":false},"excerpt":{"rendered":"<p>Vanguard Stativ\u00a0Steinbeutel. L\u00e4sst sich einfach an allen Stativen . Befestigen Aus Polyester gefertigt. mehr Stabilit\u00e4t f\u00fcr alle Stative. 90 g.<\/p>\n","protected":false},"featured_media":9066,"template":"","meta":[],"product_cat":[144],"product_tag":[],"class_list":{"0":"post-9068","1":"product","2":"type-product","3":"status-publish","4":"has-post-thumbnail","6":"product_cat-kamerastative","8":"first","9":"instock","10":"shipping-taxable","11":"purchasable","12":"product-type-simple"},"_links":{"self":[{"href":"https:\/\/palmaequipmentrental.com\/de\/wp-json\/wp\/v2\/product\/9068","targetHints":{"allow":["GET"]}}],"collection":[{"href":"https:\/\/palmaequipmentrental.com\/de\/wp-json\/wp\/v2\/product"}],"about":[{"href":"https:\/\/palmaequipmentrental.com\/de\/wp-json\/wp\/v2\/types\/product"}],"wp:featuredmedia":[{"embeddable":true,"href":"https:\/\/palmaequipmentrental.com\/de\/wp-json\/wp\/v2\/media\/9066"}],"wp:attachment":[{"href":"https:\/\/palmaequipmentrental.com\/de\/wp-json\/wp\/v2\/media?parent=9068"}],"wp:term":[{"taxonomy":"product_cat","embeddable":true,"href":"https:\/\/palmaequipmentrental.com\/de\/wp-json\/wp\/v2\/product_cat?post=9068"},{"taxonomy":"product_tag","embeddable":true,"href":"https:\/\/palmaequipmentrental.com\/de\/wp-json\/wp\/v2\/product_tag?post=9068"}],"curies":[{"name":"wp","href":"https:\/\/api.w.org\/{rel}","templated":true}]}}