{"id":9102,"date":"2022-06-15T11:39:42","date_gmt":"2022-06-15T11:39:42","guid":{"rendered":"https:\/\/www.palmaequipmentrental.com\/?post_type=product&#038;p=9102"},"modified":"2022-08-05T11:34:37","modified_gmt":"2022-08-05T11:34:37","slug":"ceramic-heater-2000w","status":"publish","type":"product","link":"https:\/\/palmaequipmentrental.com\/de\/photo-video-equipment-mallorca\/ceramic-heater-2000w\/","title":{"rendered":"Keramik Heizung 2000W"},"content":{"rendered":"<p><strong>Keramik Heizung 2000W<\/strong><\/p>\n<ul>\n<li>2 W\u00e4rmekr\u00e4fte<\/li>\n<li>\u00dcberhitzungsschutz System<\/li>\n<li>Metallk\u00f6rper<\/li>\n<li>Einstellbare Temperaturregelung<\/li>\n<li>Automatische Sicherheitsabschaltung<\/li>\n<\/ul>\n<p><strong>Ma\u00dfe:<\/strong> L\u00e4nge 16 cm x Breite 24,7 cm x H\u00f6he 26 cm<br \/>\n<strong>Gewicht:<\/strong> 4,41 Pfund<br \/>\n<strong>Heizleistung:<\/strong> 2000 Watt<\/p>\n","protected":false},"excerpt":{"rendered":"<p>Keramik Heizung 2000W 2 W\u00e4rmekr\u00e4fte \u00dcberhitzungsschutz System Metallk\u00f6rper Einstellbare Temperaturregelung Automatische Sicherheitsabschaltung Ma\u00dfe: L\u00e4nge 16 cm x Breite 24,7 cm x H\u00f6he 26 cm Gewicht: 4,41 Pfund Heizleistung: 2000 Watt<\/p>\n","protected":false},"featured_media":9100,"template":"","meta":[],"product_cat":[125],"product_tag":[],"class_list":{"0":"post-9102","1":"product","2":"type-product","3":"status-publish","4":"has-post-thumbnail","6":"product_cat-produktion-de","8":"first","9":"instock","10":"shipping-taxable","11":"purchasable","12":"product-type-simple"},"_links":{"self":[{"href":"https:\/\/palmaequipmentrental.com\/de\/wp-json\/wp\/v2\/product\/9102","targetHints":{"allow":["GET"]}}],"collection":[{"href":"https:\/\/palmaequipmentrental.com\/de\/wp-json\/wp\/v2\/product"}],"about":[{"href":"https:\/\/palmaequipmentrental.com\/de\/wp-json\/wp\/v2\/types\/product"}],"wp:featuredmedia":[{"embeddable":true,"href":"https:\/\/palmaequipmentrental.com\/de\/wp-json\/wp\/v2\/media\/9100"}],"wp:attachment":[{"href":"https:\/\/palmaequipmentrental.com\/de\/wp-json\/wp\/v2\/media?parent=9102"}],"wp:term":[{"taxonomy":"product_cat","embeddable":true,"href":"https:\/\/palmaequipmentrental.com\/de\/wp-json\/wp\/v2\/product_cat?post=9102"},{"taxonomy":"product_tag","embeddable":true,"href":"https:\/\/palmaequipmentrental.com\/de\/wp-json\/wp\/v2\/product_tag?post=9102"}],"curies":[{"name":"wp","href":"https:\/\/api.w.org\/{rel}","templated":true}]}}