{"id":9128,"date":"2022-06-16T12:12:26","date_gmt":"2022-06-16T12:12:26","guid":{"rendered":"https:\/\/www.palmaequipmentrental.com\/product\/cali-sunswatter-boom\/"},"modified":"2022-08-05T11:34:37","modified_gmt":"2022-08-05T11:34:37","slug":"cali-sunswatter-boom","status":"publish","type":"product","link":"https:\/\/palmaequipmentrental.com\/de\/photo-video-equipment-mallorca\/cali-sunswatter-boom\/","title":{"rendered":"Cali Sunswatter Boom"},"content":{"rendered":"<p><strong>Cali Sunswatter Boom<\/strong><\/p>\n<ul>\n<li>Mindest. L\u00e4nge: 1195 mm<\/li>\n<li>max. L\u00e4nge: 3050 mm<\/li>\n<li>Gewicht: 1,32 kg<\/li>\n<li>Rohr: 35 mm Durchmesser<\/li>\n<li>Erste Verl\u00e4ngerung: 29 mm Durchmesser<\/li>\n<li>Zweite Verl\u00e4ngerung: 25 mm Durchmesser<\/li>\n<li>Dritte Verl\u00e4ngerung: 21 mm Durchmesser<\/li>\n<\/ul>\n","protected":false},"excerpt":{"rendered":"<p>Cali Sunswatter Boom Mindest. L\u00e4nge: 1195 mm max. L\u00e4nge: 3050 mm Gewicht: 1,32 kg Rohr: 35 mm Durchmesser Erste Verl\u00e4ngerung: 29 mm Durchmesser Zweite Verl\u00e4ngerung: 25 mm Durchmesser Dritte Verl\u00e4ngerung: 21 mm Durchmesser<\/p>\n","protected":false},"featured_media":9126,"template":"","meta":[],"product_cat":[282,283],"product_tag":[],"class_list":{"0":"post-9128","1":"product","2":"type-product","3":"status-publish","4":"has-post-thumbnail","6":"product_cat-sunswatter-de","7":"product_cat-sunswatter-2-de","9":"first","10":"instock","11":"shipping-taxable","12":"purchasable","13":"product-type-simple"},"_links":{"self":[{"href":"https:\/\/palmaequipmentrental.com\/de\/wp-json\/wp\/v2\/product\/9128","targetHints":{"allow":["GET"]}}],"collection":[{"href":"https:\/\/palmaequipmentrental.com\/de\/wp-json\/wp\/v2\/product"}],"about":[{"href":"https:\/\/palmaequipmentrental.com\/de\/wp-json\/wp\/v2\/types\/product"}],"wp:featuredmedia":[{"embeddable":true,"href":"https:\/\/palmaequipmentrental.com\/de\/wp-json\/wp\/v2\/media\/9126"}],"wp:attachment":[{"href":"https:\/\/palmaequipmentrental.com\/de\/wp-json\/wp\/v2\/media?parent=9128"}],"wp:term":[{"taxonomy":"product_cat","embeddable":true,"href":"https:\/\/palmaequipmentrental.com\/de\/wp-json\/wp\/v2\/product_cat?post=9128"},{"taxonomy":"product_tag","embeddable":true,"href":"https:\/\/palmaequipmentrental.com\/de\/wp-json\/wp\/v2\/product_tag?post=9128"}],"curies":[{"name":"wp","href":"https:\/\/api.w.org\/{rel}","templated":true}]}}