{"id":9136,"date":"2022-06-16T12:38:50","date_gmt":"2022-06-16T12:38:50","guid":{"rendered":"https:\/\/www.palmaequipmentrental.com\/product\/profoto-umbrella-deep-silver-l\/"},"modified":"2024-01-30T09:48:12","modified_gmt":"2024-01-30T09:48:12","slug":"profoto-umbrella-deep-silver-l","status":"publish","type":"product","link":"https:\/\/palmaequipmentrental.com\/de\/photo-video-equipment-mallorca\/profoto-umbrella-deep-silver-l\/","title":{"rendered":"Profoto Blitzschirme Deep Silber L"},"content":{"rendered":"<p>Erfassen Sie beeindruckende Beleuchtung in Ihrer Fotografie mit dem gro\u00dfen Silbernen Deep Umbrella von Profoto, stolz angeboten von Palma Equipment Rental in Palma de Mallorca. Dieser au\u00dfergew\u00f6hnliche Schirm zeichnet sich durch seine tiefe Parabolform aus, die eine \u00fcberlegene Kontrolle \u00fcber die Lichtstreuung im Vergleich zu Standard-Schirmen bietet. Ideal f\u00fcr professionelle Fotografen, die sich auf Mode und Werbung konzentrieren, ist es ein Werkzeug, das sowohl Pr\u00e4zision als auch kreative Flexibilit\u00e4t f\u00fcr Ihre Shootings bringt.<\/p>\n<ul>\n<li>Offener Durchmesser: 130 cm \/ 51 in<\/li>\n<li>Gro\u00dfe, tiefe Parabelform f\u00fcr verbesserte Lichtkontrolle<\/li>\n<li>Verstellbare Fokussierung durch Verschieben des Schirmgriffs<\/li>\n<li>Erzeugt ein klares, kontrastreiches Licht<\/li>\n<li>Imitiert die hohe Lichtleistung eines harten Reflektors<\/li>\n<\/ul>\n<p>Der gro\u00dfe Silberne Deep Umbrella von Profoto ist ein Wendepunkt f\u00fcr das Erreichen von klarem, direktem Licht mit mehr Kontrast. Sein tiefes Design erm\u00f6glicht eine akribische Formung und Fokussierung des Lichts, \u00e4hnlich den Effekten eines harten Reflektors. Diese Funktion ist unsch\u00e4tzbar sowohl in Studio- als auch in Au\u00dfenaufnahmen, und bietet Vielseitigkeit in Ihren Beleuchtungs-Setups.<\/p>\n<p>W\u00e4hlen Sie Palma Equipment Rental f\u00fcr Ihre fotografischen Bed\u00fcrfnisse. Mit unserem Service auf den Balearen und dem spanischen Festland stellen wir sicher, dass unsere Kunden Zugang zu den besten professionellen fotografischen Ger\u00e4ten haben. Mit dem gro\u00dfen Silbernen Deep Umbrella erh\u00f6hen Sie nicht nur ein Werkzeug; Sie steigern das kreative Potenzial Ihrer fotografischen Projekte.<\/p>\n","protected":false},"excerpt":{"rendered":"<p>Erfassen Sie beeindruckende Beleuchtung in Ihrer Fotografie mit dem gro\u00dfen Silbernen Deep Umbrella von Profoto, stolz angeboten von Palma Equipment Rental in Palma de Mallorca. Dieser au\u00dfergew\u00f6hnliche Schirm zeichnet sich durch seine tiefe Parabolform aus, die eine \u00fcberlegene Kontrolle \u00fcber die Lichtstreuung im Vergleich zu Standard-Schirmen bietet. Ideal f\u00fcr professionelle Fotografen, die sich auf Mode und Werbung konzentrieren, ist es [&hellip;]<\/p>\n","protected":false},"featured_media":9134,"template":"","meta":[],"product_cat":[136],"product_tag":[],"class_list":{"0":"post-9136","1":"product","2":"type-product","3":"status-publish","4":"has-post-thumbnail","6":"product_cat-schirme","8":"first","9":"instock","10":"shipping-taxable","11":"purchasable","12":"product-type-simple"},"_links":{"self":[{"href":"https:\/\/palmaequipmentrental.com\/de\/wp-json\/wp\/v2\/product\/9136","targetHints":{"allow":["GET"]}}],"collection":[{"href":"https:\/\/palmaequipmentrental.com\/de\/wp-json\/wp\/v2\/product"}],"about":[{"href":"https:\/\/palmaequipmentrental.com\/de\/wp-json\/wp\/v2\/types\/product"}],"wp:featuredmedia":[{"embeddable":true,"href":"https:\/\/palmaequipmentrental.com\/de\/wp-json\/wp\/v2\/media\/9134"}],"wp:attachment":[{"href":"https:\/\/palmaequipmentrental.com\/de\/wp-json\/wp\/v2\/media?parent=9136"}],"wp:term":[{"taxonomy":"product_cat","embeddable":true,"href":"https:\/\/palmaequipmentrental.com\/de\/wp-json\/wp\/v2\/product_cat?post=9136"},{"taxonomy":"product_tag","embeddable":true,"href":"https:\/\/palmaequipmentrental.com\/de\/wp-json\/wp\/v2\/product_tag?post=9136"}],"curies":[{"name":"wp","href":"https:\/\/api.w.org\/{rel}","templated":true}]}}