{"id":9144,"date":"2022-06-16T12:57:30","date_gmt":"2022-06-16T12:57:30","guid":{"rendered":"https:\/\/www.palmaequipmentrental.com\/?post_type=product&#038;p=9144"},"modified":"2024-01-29T14:16:05","modified_gmt":"2024-01-29T14:16:05","slug":"profoto-umbrella-deep-white-l","status":"publish","type":"product","link":"https:\/\/palmaequipmentrental.com\/de\/photo-video-equipment-mallorca\/profoto-umbrella-deep-white-l\/","title":{"rendered":"Profoto Blitzschirme Deep Wei\u00df L"},"content":{"rendered":"<div class=\"flex-1 overflow-hidden\">\n<div class=\"react-scroll-to-bottom--css-swvwo-79elbk h-full\">\n<div class=\"react-scroll-to-bottom--css-swvwo-1n7m0yu\">\n<div class=\"flex flex-col pb-9 text-sm\">\n<div class=\"w-full text-token-text-primary\" data-testid=\"conversation-turn-9\">\n<div class=\"px-4 py-2 justify-center text-base md:gap-6 m-auto\">\n<div class=\"flex flex-1 text-base mx-auto gap-3 md:px-5 lg:px-1 xl:px-5 md:max-w-3xl lg:max-w-[40rem] xl:max-w-[48rem] group final-completion\">\n<div class=\"relative flex w-full flex-col lg:w-[calc(100%-115px)] agent-turn\">\n<div class=\"flex-col gap-1 md:gap-3\">\n<div class=\"flex flex-grow flex-col max-w-full\">\n<div class=\"min-h-[20px] text-message flex flex-col items-start gap-3 whitespace-pre-wrap break-words [.text-message+&amp;]:mt-5 overflow-x-auto\" data-message-author-role=\"assistant\" data-message-id=\"569dd395-7c8d-4c4e-977b-5bbff6e9654e\">\n<div class=\"markdown prose w-full break-words dark:prose-invert light\">\n<div class=\"flex-1 overflow-hidden\">\n<div class=\"react-scroll-to-bottom--css-swvwo-79elbk h-full\">\n<div class=\"react-scroll-to-bottom--css-swvwo-1n7m0yu\">\n<div class=\"flex flex-col pb-9 text-sm\">\n<div class=\"w-full text-token-text-primary\" data-testid=\"conversation-turn-9\">\n<div class=\"px-4 py-2 justify-center text-base md:gap-6 m-auto\">\n<div class=\"flex flex-1 text-base mx-auto gap-3 md:px-5 lg:px-1 xl:px-5 md:max-w-3xl lg:max-w-[40rem] xl:max-w-[48rem] group final-completion\">\n<div class=\"relative flex w-full flex-col lg:w-[calc(100%-115px)] agent-turn\">\n<div class=\"flex-col gap-1 md:gap-3\">\n<div class=\"flex flex-grow flex-col max-w-full\">\n<div class=\"min-h-[20px] text-message flex flex-col items-start gap-3 whitespace-pre-wrap break-words [.text-message+&amp;]:mt-5 overflow-x-auto\" data-message-author-role=\"assistant\" data-message-id=\"569dd395-7c8d-4c4e-977b-5bbff6e9654e\">\n<div class=\"markdown prose w-full break-words dark:prose-invert light\">\n<p>Erleuchten Sie Ihr n\u00e4chstes Shooting mit dem gro\u00dfen wei\u00dfen Profoto Deep Umbrella, jetzt verf\u00fcgbar bei Palma Equipment Rental in Palma de Mallorca. Dieser professionelle Schirm ist eine Top-Wahl f\u00fcr Fotografen, die an Mode- und Werbekampagnen arbeiten. Perfekt f\u00fcr On-Location- und Studio-Umgebungen, sorgt er daf\u00fcr, dass Ihr Motiv mit konstantem, hochwertigem Licht beleuchtet wird.<\/p>\n<p>Technische Details:<\/p>\n<ul>\n<li>Offener Durchmesser: 130 cm \/ 51 in<\/li>\n<li>Ideal f\u00fcr Mode- und Werbefotografie<\/li>\n<li>Bietet tiefes, fokussiertes Licht mit weichen Kanten<\/li>\n<li>Robuste Bauweise f\u00fcr den professionellen Einsatz<\/li>\n<li>Einfacher Aufbau und Transport<\/li>\n<\/ul>\n<p>Der gro\u00dfe wei\u00dfe Profoto Deep Umbrella ist ein unverzichtbares Werkzeug f\u00fcr jedes Shooting, das pr\u00e4zises und elegantes Licht erfordert. Seine beachtliche Gr\u00f6\u00dfe gew\u00e4hrleistet eine breite Lichtverteilung, essentiell f\u00fcr das Erfassen des perfekten Bildes.<\/p>\n<p>Die Wahl von Palma Equipment Rental bedeutet, sich f\u00fcr erstklassige fotografische Ausr\u00fcstung f\u00fcr Ihre Projekte zu entscheiden. Mit Service auf den Balearen und dem spanischen Festland bieten wir dieses exquisite Beleuchtungszubeh\u00f6r neben einer umfassenden Auswahl an professionellem Equipment an. Mit 24\/7 technischem Support und einem Engagement f\u00fcr Flexibilit\u00e4t, Effizienz und freundlichen Service stellen wir sicher, dass Ihre fotografischen Bed\u00fcrfnisse auf h\u00f6chstem Niveau erf\u00fcllt werden. Vertrauen Sie auf Palma Equipment Rental f\u00fcr Ihr n\u00e4chstes Projekt, wo qualitativ hochwertige Ausr\u00fcstung wie der gro\u00dfe wei\u00dfe Profoto Deep Umbrella erst der Anfang ist.<\/p>\n<\/div>\n<\/div>\n<\/div>\n<\/div>\n<\/div>\n<\/div>\n<\/div>\n<\/div>\n<\/div>\n<\/div>\n<\/div>\n<\/div>\n<\/div>\n<\/div>\n<\/div>\n<\/div>\n<\/div>\n<\/div>\n<\/div>\n<\/div>\n<\/div>\n<\/div>\n<\/div>\n<\/div>\n","protected":false},"excerpt":{"rendered":"<p>Erleuchten Sie Ihr n\u00e4chstes Shooting mit dem gro\u00dfen wei\u00dfen Profoto Deep Umbrella, jetzt verf\u00fcgbar bei Palma Equipment Rental in Palma de Mallorca. Dieser professionelle Schirm ist eine Top-Wahl f\u00fcr Fotografen, die an Mode- und Werbekampagnen arbeiten. Perfekt f\u00fcr On-Location- und Studio-Umgebungen, sorgt er daf\u00fcr, dass Ihr Motiv mit konstantem, hochwertigem Licht beleuchtet wird. Technische Details: Offener Durchmesser: 130 cm \/ [&hellip;]<\/p>\n","protected":false},"featured_media":9142,"template":"","meta":[],"product_cat":[136],"product_tag":[],"class_list":{"0":"post-9144","1":"product","2":"type-product","3":"status-publish","4":"has-post-thumbnail","6":"product_cat-schirme","8":"first","9":"instock","10":"shipping-taxable","11":"purchasable","12":"product-type-simple"},"_links":{"self":[{"href":"https:\/\/palmaequipmentrental.com\/de\/wp-json\/wp\/v2\/product\/9144","targetHints":{"allow":["GET"]}}],"collection":[{"href":"https:\/\/palmaequipmentrental.com\/de\/wp-json\/wp\/v2\/product"}],"about":[{"href":"https:\/\/palmaequipmentrental.com\/de\/wp-json\/wp\/v2\/types\/product"}],"wp:featuredmedia":[{"embeddable":true,"href":"https:\/\/palmaequipmentrental.com\/de\/wp-json\/wp\/v2\/media\/9142"}],"wp:attachment":[{"href":"https:\/\/palmaequipmentrental.com\/de\/wp-json\/wp\/v2\/media?parent=9144"}],"wp:term":[{"taxonomy":"product_cat","embeddable":true,"href":"https:\/\/palmaequipmentrental.com\/de\/wp-json\/wp\/v2\/product_cat?post=9144"},{"taxonomy":"product_tag","embeddable":true,"href":"https:\/\/palmaequipmentrental.com\/de\/wp-json\/wp\/v2\/product_tag?post=9144"}],"curies":[{"name":"wp","href":"https:\/\/api.w.org\/{rel}","templated":true}]}}