{"id":9160,"date":"2022-06-17T09:12:53","date_gmt":"2022-06-17T09:12:53","guid":{"rendered":"https:\/\/www.palmaequipmentrental.com\/?post_type=product&#038;p=9160"},"modified":"2024-01-30T11:37:47","modified_gmt":"2024-01-30T11:37:47","slug":"profoto-umbrella-diffuser-l","status":"publish","type":"product","link":"https:\/\/palmaequipmentrental.com\/de\/photo-video-equipment-mallorca\/profoto-umbrella-diffuser-l\/","title":{"rendered":"Profoto Blitzschirme Diffusor L"},"content":{"rendered":"<p>Maximieren Sie Ihre Beleuchtungsf\u00e4higkeiten mit dem Gro\u00dfen Schirmdiffusor, einem Schl\u00fcsselzubeh\u00f6r, jetzt vorgestellt bei Palma Equipment Rental in Palma de Mallorca. Speziell f\u00fcr den Einsatz mit unseren gro\u00dfen Wei\u00dfen und Silbernen Profoto Deep Umbrellas konzipiert, verwandelt dieser Diffusor Ihren Schirm in eine Softbox und bietet weicheres, diffuseres Licht f\u00fcr eine Vielzahl von fotografischen Stilen.<\/p>\n<ul>\n<li>Ma\u00dfgeschneidert f\u00fcr gro\u00dfe wei\u00dfe oder silberne Schirme<\/li>\n<li>Weicht das Licht effizient auf und streut es f\u00fcr einen nat\u00fcrlichen Effekt<\/li>\n<li>Verringert die Lichtausgabe um 1,5 Blendenstufen, perfekt f\u00fcr kontrollierte Umgebungen<\/li>\n<li>Benutzerfreundliches Design, leicht anzubringen wie eine Duschhaube mit Gummiband<\/li>\n<\/ul>\n<p>Der Gro\u00dfe Schirmdiffusor ist ein unverzichtbares Zubeh\u00f6r f\u00fcr Fotografen, die darauf abzielen, weicheres, nuancierteres Licht in ihrer Arbeit zu schaffen. Indem er das Licht Ihres gro\u00dfen Schirms streut, erreicht er eine sanfte Beleuchtung, die die Qualit\u00e4t Ihrer Bilder verbessert, insbesondere in der Mode-, Portr\u00e4t- und Werbefotografie.<\/p>\n<p>Bei Palma Equipment Rental decken wir die vielf\u00e4ltigen Bed\u00fcrfnisse professioneller Fotografen auf den Balearen und dem spanischen Festland ab. Unsere Auswahl an hochwertigem Zubeh\u00f6r, einschlie\u00dflich des Gro\u00dfen Schirmdiffusors, stellt sicher, dass Sie die besten Werkzeuge zur Verf\u00fcgung haben, um Ihre kreative Vision zu verwirklichen. Nutzen Sie die Vielseitigkeit und Qualit\u00e4t unserer Ausr\u00fcstung, um Ihre Fotografie auf ein neues Niveau zu heben.<\/p>\n","protected":false},"excerpt":{"rendered":"<p>Maximieren Sie Ihre Beleuchtungsf\u00e4higkeiten mit dem Gro\u00dfen Schirmdiffusor, einem Schl\u00fcsselzubeh\u00f6r, jetzt vorgestellt bei Palma Equipment Rental in Palma de Mallorca. Speziell f\u00fcr den Einsatz mit unseren gro\u00dfen Wei\u00dfen und Silbernen Profoto Deep Umbrellas konzipiert, verwandelt dieser Diffusor Ihren Schirm in eine Softbox und bietet weicheres, diffuseres Licht f\u00fcr eine Vielzahl von fotografischen Stilen. Ma\u00dfgeschneidert f\u00fcr gro\u00dfe wei\u00dfe oder silberne Schirme [&hellip;]<\/p>\n","protected":false},"featured_media":9166,"template":"","meta":[],"product_cat":[136],"product_tag":[],"class_list":{"0":"post-9160","1":"product","2":"type-product","3":"status-publish","4":"has-post-thumbnail","6":"product_cat-schirme","8":"first","9":"instock","10":"shipping-taxable","11":"purchasable","12":"product-type-simple"},"_links":{"self":[{"href":"https:\/\/palmaequipmentrental.com\/de\/wp-json\/wp\/v2\/product\/9160","targetHints":{"allow":["GET"]}}],"collection":[{"href":"https:\/\/palmaequipmentrental.com\/de\/wp-json\/wp\/v2\/product"}],"about":[{"href":"https:\/\/palmaequipmentrental.com\/de\/wp-json\/wp\/v2\/types\/product"}],"wp:featuredmedia":[{"embeddable":true,"href":"https:\/\/palmaequipmentrental.com\/de\/wp-json\/wp\/v2\/media\/9166"}],"wp:attachment":[{"href":"https:\/\/palmaequipmentrental.com\/de\/wp-json\/wp\/v2\/media?parent=9160"}],"wp:term":[{"taxonomy":"product_cat","embeddable":true,"href":"https:\/\/palmaequipmentrental.com\/de\/wp-json\/wp\/v2\/product_cat?post=9160"},{"taxonomy":"product_tag","embeddable":true,"href":"https:\/\/palmaequipmentrental.com\/de\/wp-json\/wp\/v2\/product_tag?post=9160"}],"curies":[{"name":"wp","href":"https:\/\/api.w.org\/{rel}","templated":true}]}}