{"id":9178,"date":"2022-06-17T09:38:54","date_gmt":"2022-06-17T09:38:54","guid":{"rendered":"https:\/\/www.palmaequipmentrental.com\/product\/profoto-umbrella-diffuser-xl\/"},"modified":"2024-01-26T13:57:04","modified_gmt":"2024-01-26T13:57:04","slug":"profoto-umbrella-diffuser-xl","status":"publish","type":"product","link":"https:\/\/palmaequipmentrental.com\/de\/photo-video-equipment-mallorca\/profoto-umbrella-diffuser-xl\/","title":{"rendered":"Profoto Blitzschirme Diffusor XL"},"content":{"rendered":"<div class=\"flex-1 overflow-hidden\">\n<div class=\"react-scroll-to-bottom--css-hnnty-79elbk h-full\">\n<div class=\"react-scroll-to-bottom--css-hnnty-1n7m0yu\">\n<div class=\"flex flex-col pb-9 text-sm\">\n<div class=\"w-full text-token-text-primary\" data-testid=\"conversation-turn-52\">\n<div class=\"px-4 py-2 justify-center text-base md:gap-6 m-auto\">\n<div class=\"flex flex-1 text-base mx-auto gap-3 md:px-5 lg:px-1 xl:px-5 md:max-w-3xl lg:max-w-[40rem] xl:max-w-[48rem] group final-completion\">\n<div class=\"relative flex w-full flex-col lg:w-[calc(100%-115px)] agent-turn\">\n<div class=\"flex-col gap-1 md:gap-3\">\n<div class=\"flex flex-grow flex-col max-w-full\">\n<div class=\"min-h-[20px] text-message flex flex-col items-start gap-3 whitespace-pre-wrap break-words [.text-message+&amp;]:mt-5 overflow-x-auto\" data-message-author-role=\"assistant\" data-message-id=\"738aac13-56ba-4c15-8349-87a36646cae4\">\n<div class=\"markdown prose w-full break-words dark:prose-invert light\">\n<p>Entdecken Sie den Profoto Umbrella Diffuser XL bei Palma Equipment Rental, Ihrer vertrauensw\u00fcrdigen Quelle f\u00fcr erstklassige fotografische Ausr\u00fcstung in Palma de Mallorca und dar\u00fcber hinaus. Dieser extra gro\u00dfe Diffusor, der speziell f\u00fcr die Verwendung mit Profoto XL Regenschirmen mit einem Durchmesser von 65&#8243;\/160 cm entwickelt wurde, ist ideal f\u00fcr Profis, die ihre Beleuchtungstechniken f\u00fcr Mode- und Werbefotografie verfeinern m\u00f6chten. Er verwandelt Ihre Lichtquelle in weiches und gleichm\u00e4\u00dfig diffuses Licht, was ihn ideal f\u00fcr Foto- und Videoanwendungen macht.<\/p>\n<p><strong>Technische Details:<\/strong><\/p>\n<ul>\n<li>Gr\u00f6\u00dfe: Extra gro\u00df, speziell f\u00fcr die Verwendung mit Profoto XL Regenschirmen mit einem Durchmesser von 65&#8243;\/160 cm entwickelt.<\/li>\n<li>Materialien von \u00fcberragender Qualit\u00e4t garantieren Haltbarkeit und gleichbleibende Leistung.<\/li>\n<li>Schnelle und einfache Befestigung f\u00fcr eine problemlose Verwendung.<\/li>\n<li>Kompatibel mit einer Reihe von Profoto XL Regenschirmen.<\/li>\n<li>Reduziert das Licht um 1,5 Blendenstufen f\u00fcr pr\u00e4zise Kontrolle \u00fcber die Belichtung.<\/li>\n<\/ul>\n<p>Erh\u00f6hen Sie die Qualit\u00e4t Ihrer Produktion mit Palma Equipment Rental. Wir sind nicht nur ein Vermietungsservice; wir sind Ihr vertrauensw\u00fcrdiger Partner f\u00fcr kreative Fotografie auf den Balearen und dem spanischen Festland. Mit unserem umfangreichen Inventar an professioneller Ausr\u00fcstung, einschlie\u00dflich des Profoto Umbrella Diffuser XL, und unserem Engagement f\u00fcr flexiblen und effizienten Service stehen wir Ihnen rund um die Uhr zur Verf\u00fcgung, um Ihre Vision zu unterst\u00fctzen. Tauchen Sie ein in die Welt hochwertiger Ausr\u00fcstung und herausragender Unterst\u00fctzung mit Palma Equipment Rental, wo Ihre kreative Vision zum Leben erweckt wird.<\/p>\n<\/div>\n<\/div>\n<\/div>\n<\/div>\n<\/div>\n<\/div>\n<\/div>\n<\/div>\n<\/div>\n<\/div>\n<\/div>\n<\/div>\n","protected":false},"excerpt":{"rendered":"<p>Entdecken Sie den Profoto Umbrella Diffuser XL bei Palma Equipment Rental, Ihrer vertrauensw\u00fcrdigen Quelle f\u00fcr erstklassige fotografische Ausr\u00fcstung in Palma de Mallorca und dar\u00fcber hinaus. Dieser extra gro\u00dfe Diffusor, der speziell f\u00fcr die Verwendung mit Profoto XL Regenschirmen mit einem Durchmesser von 65&#8243;\/160 cm entwickelt wurde, ist ideal f\u00fcr Profis, die ihre Beleuchtungstechniken f\u00fcr Mode- und Werbefotografie verfeinern m\u00f6chten. Er [&hellip;]<\/p>\n","protected":false},"featured_media":9173,"template":"","meta":[],"product_cat":[136],"product_tag":[],"class_list":{"0":"post-9178","1":"product","2":"type-product","3":"status-publish","4":"has-post-thumbnail","6":"product_cat-schirme","8":"first","9":"instock","10":"shipping-taxable","11":"purchasable","12":"product-type-simple"},"_links":{"self":[{"href":"https:\/\/palmaequipmentrental.com\/de\/wp-json\/wp\/v2\/product\/9178","targetHints":{"allow":["GET"]}}],"collection":[{"href":"https:\/\/palmaequipmentrental.com\/de\/wp-json\/wp\/v2\/product"}],"about":[{"href":"https:\/\/palmaequipmentrental.com\/de\/wp-json\/wp\/v2\/types\/product"}],"wp:featuredmedia":[{"embeddable":true,"href":"https:\/\/palmaequipmentrental.com\/de\/wp-json\/wp\/v2\/media\/9173"}],"wp:attachment":[{"href":"https:\/\/palmaequipmentrental.com\/de\/wp-json\/wp\/v2\/media?parent=9178"}],"wp:term":[{"taxonomy":"product_cat","embeddable":true,"href":"https:\/\/palmaequipmentrental.com\/de\/wp-json\/wp\/v2\/product_cat?post=9178"},{"taxonomy":"product_tag","embeddable":true,"href":"https:\/\/palmaequipmentrental.com\/de\/wp-json\/wp\/v2\/product_tag?post=9178"}],"curies":[{"name":"wp","href":"https:\/\/api.w.org\/{rel}","templated":true}]}}