{"id":9180,"date":"2022-06-17T09:30:52","date_gmt":"2022-06-17T09:30:52","guid":{"rendered":"https:\/\/www.palmaequipmentrental.com\/product\/profoto-umbrella-diffuser-m\/"},"modified":"2024-01-30T10:54:41","modified_gmt":"2024-01-30T10:54:41","slug":"profoto-umbrella-diffuser-m","status":"publish","type":"product","link":"https:\/\/palmaequipmentrental.com\/de\/photo-video-equipment-mallorca\/profoto-umbrella-diffuser-m\/","title":{"rendered":"Profoto Blitzschirme Diffusor M"},"content":{"rendered":"<p>Erh\u00f6hen Sie die Vielseitigkeit Ihres Beleuchtungssets mit dem Schirmdiffusor, einem transformierenden Zubeh\u00f6r, jetzt verf\u00fcgbar bei Palma Equipment Rental in Palma de Mallorca. Kompatibel sowohl mit unseren Wei\u00dfen als auch Silbernen Mittelgro\u00dfen Profoto Deep Umbrellas, ist dieser Diffusor eine einfache, aber geniale L\u00f6sung f\u00fcr Fotografen, die ihre Beleuchtungseffekte weicher und vielf\u00e4ltiger gestalten m\u00f6chten.<\/p>\n<ul>\n<li>Verwandelt einen wei\u00dfen oder silbernen Schirm in eine Softbox<\/li>\n<li>Streut das Licht, um eine weichere, gleichm\u00e4\u00dfigere Ausbreitung zu erzielen<\/li>\n<li>Verringert die Lichtausgabe um 1,5 Blenden<\/li>\n<li>Extrem benutzerfreundlich, passt wie eine Duschhaube mit Gummiband<\/li>\n<li>Hergestellt aus hitzebest\u00e4ndigen, hochwertigen Stoffen<\/li>\n<li>Wird in einer beschrifteten weichen Tasche f\u00fcr Bequemlichkeit und Schutz geliefert<\/li>\n<\/ul>\n<p>Der Schirmdiffusor ist ein wesentliches Werkzeug f\u00fcr jeden Fotografen, der kreative und interessante Beleuchtungseffekte erzielen m\u00f6chte. Indem Sie Ihren Schirm m\u00fchelos in eine Softbox verwandeln, er\u00f6ffnen sich neue M\u00f6glichkeiten f\u00fcr Stimmung und Textur in Ihrer Fotografie. Ob Sie Mode, Werbung oder Portr\u00e4ts fotografieren, das gestreute Licht bietet einen schmeichelnden, weichen Glanz, der Ihr Motiv verbessert.<\/p>\n<p>Bei Palma Equipment Rental verstehen wir die Wichtigkeit, vielseitiges, hochwertiges Zubeh\u00f6r griffbereit zu haben. Wir bedienen eine vielf\u00e4ltige Kundschaft auf den Balearen und dem spanischen Festland und bieten nicht nur den Schirmdiffusor an, sondern auch eine vollst\u00e4ndige Palette an erstklassigem fotografischem Equipment, unterst\u00fctzt durch unser Engagement f\u00fcr Qualit\u00e4t und Service. Lassen Sie uns Ihnen helfen, Ihre fotografischen F\u00e4higkeiten mit diesem einfach zu verwendenden, effektiven Beleuchtungszubeh\u00f6r zu erweitern.<\/p>\n","protected":false},"excerpt":{"rendered":"<p>Erh\u00f6hen Sie die Vielseitigkeit Ihres Beleuchtungssets mit dem Schirmdiffusor, einem transformierenden Zubeh\u00f6r, jetzt verf\u00fcgbar bei Palma Equipment Rental in Palma de Mallorca. Kompatibel sowohl mit unseren Wei\u00dfen als auch Silbernen Mittelgro\u00dfen Profoto Deep Umbrellas, ist dieser Diffusor eine einfache, aber geniale L\u00f6sung f\u00fcr Fotografen, die ihre Beleuchtungseffekte weicher und vielf\u00e4ltiger gestalten m\u00f6chten. Verwandelt einen wei\u00dfen oder silbernen Schirm in eine [&hellip;]<\/p>\n","protected":false},"featured_media":9176,"template":"","meta":[],"product_cat":[136],"product_tag":[],"class_list":{"0":"post-9180","1":"product","2":"type-product","3":"status-publish","4":"has-post-thumbnail","6":"product_cat-schirme","8":"first","9":"instock","10":"shipping-taxable","11":"purchasable","12":"product-type-simple"},"_links":{"self":[{"href":"https:\/\/palmaequipmentrental.com\/de\/wp-json\/wp\/v2\/product\/9180","targetHints":{"allow":["GET"]}}],"collection":[{"href":"https:\/\/palmaequipmentrental.com\/de\/wp-json\/wp\/v2\/product"}],"about":[{"href":"https:\/\/palmaequipmentrental.com\/de\/wp-json\/wp\/v2\/types\/product"}],"wp:featuredmedia":[{"embeddable":true,"href":"https:\/\/palmaequipmentrental.com\/de\/wp-json\/wp\/v2\/media\/9176"}],"wp:attachment":[{"href":"https:\/\/palmaequipmentrental.com\/de\/wp-json\/wp\/v2\/media?parent=9180"}],"wp:term":[{"taxonomy":"product_cat","embeddable":true,"href":"https:\/\/palmaequipmentrental.com\/de\/wp-json\/wp\/v2\/product_cat?post=9180"},{"taxonomy":"product_tag","embeddable":true,"href":"https:\/\/palmaequipmentrental.com\/de\/wp-json\/wp\/v2\/product_tag?post=9180"}],"curies":[{"name":"wp","href":"https:\/\/api.w.org\/{rel}","templated":true}]}}