{"id":9259,"date":"2022-05-11T12:03:19","date_gmt":"2022-05-11T12:03:19","guid":{"rendered":"https:\/\/www.palmaequipmentrental.com\/product\/profoto-umbrella-deep-m-white-105cm\/"},"modified":"2024-01-30T10:13:30","modified_gmt":"2024-01-30T10:13:30","slug":"profoto-umbrella-deep-m-white-105cm","status":"publish","type":"product","link":"https:\/\/palmaequipmentrental.com\/de\/photo-video-equipment-mallorca\/profoto-umbrella-deep-m-white-105cm\/","title":{"rendered":"Profoto Schirme Deep Wei\u00df M"},"content":{"rendered":"<p>Heben Sie die Kunst Ihrer Fotografie mit dem mittelgro\u00dfen Wei\u00dfen Profoto Deep Umbrella hervor, ein Schl\u00fcsselangebot von Palma Equipment Rental, gelegen im malerischen Palma de Mallorca. Dieser Schirm ist bei Fotografen beliebt, die nat\u00fcrliches und weiches Licht f\u00fcr ihre Mode- und Werbeprojekte suchen. Sein tiefes, parabolisches Design sorgt f\u00fcr eine unvergleichliche Kontrolle \u00fcber die Lichtstreuung und erm\u00f6glicht durch einfaches Anpassen des Schirmgriffs eine pr\u00e4zise Lichtformung und -fokussierung.<\/p>\n<ul>\n<li>Offener Durchmesser: 105 cm \/ 41 in<\/li>\n<li>Mittelgro\u00dfe, tiefe Parabelform f\u00fcr \u00fcberlegene Lichtkontrolle<\/li>\n<li>Erm\u00f6glicht pr\u00e4zises Formen und Fokussieren des Lichts<\/li>\n<li>Reflektiert ein nat\u00fcrliches und weiches Licht, ideal f\u00fcr realistische Texturen<\/li>\n<li>Perfekt f\u00fcr eine breite Palette von Fotografiestilen<\/li>\n<\/ul>\n<p>Der mittelgro\u00dfe Wei\u00dfe Profoto Deep Umbrella ist ein wesentliches Werkzeug f\u00fcr Fotografen, die darauf abzielen, Bilder mit einer nat\u00fcrlichen, weichen Qualit\u00e4t einzufangen. Seine F\u00e4higkeit, das Licht subtil zu streuen, macht ihn besonders wertvoll in Situationen, wo eine sanfte, realistische Beleuchtung gew\u00fcnscht ist. Die mittlere Gr\u00f6\u00dfe bietet ein ideales Gleichgewicht und macht ihn vielseitig einsetzbar sowohl im Studio als auch bei Au\u00dfenaufnahmen.<\/p>\n<p>Wenn Sie Palma Equipment Rental f\u00fcr Ihre fotografischen Bed\u00fcrfnisse w\u00e4hlen, mieten Sie nicht nur Ausr\u00fcstung; Sie gewinnen einen Partner f\u00fcr Ihre kreativen Unternehmungen. Wir bedienen eine vielf\u00e4ltige Kundschaft auf den Balearen und dem spanischen Festland und bieten nicht nur den mittelgro\u00dfen Wei\u00dfen Profoto Deep Umbrella an, sondern auch eine vollst\u00e4ndige Palette von erstklassigem fotografischem Equipment, unterst\u00fctzt durch unser Engagement f\u00fcr Qualit\u00e4t und Service. Lassen Sie uns Ihnen helfen, Ihre Arbeit mit dem nat\u00fcrlichen, weichen Licht dieses au\u00dfergew\u00f6hnlichen Schirms zu erleuchten.<\/p>\n","protected":false},"excerpt":{"rendered":"<p>Heben Sie die Kunst Ihrer Fotografie mit dem mittelgro\u00dfen Wei\u00dfen Profoto Deep Umbrella hervor, ein Schl\u00fcsselangebot von Palma Equipment Rental, gelegen im malerischen Palma de Mallorca. Dieser Schirm ist bei Fotografen beliebt, die nat\u00fcrliches und weiches Licht f\u00fcr ihre Mode- und Werbeprojekte suchen. Sein tiefes, parabolisches Design sorgt f\u00fcr eine unvergleichliche Kontrolle \u00fcber die Lichtstreuung und erm\u00f6glicht durch einfaches Anpassen [&hellip;]<\/p>\n","protected":false},"featured_media":8770,"template":"","meta":[],"product_cat":[136],"product_tag":[],"class_list":{"0":"post-9259","1":"product","2":"type-product","3":"status-publish","4":"has-post-thumbnail","6":"product_cat-schirme","8":"first","9":"instock","10":"shipping-taxable","11":"purchasable","12":"product-type-simple"},"_links":{"self":[{"href":"https:\/\/palmaequipmentrental.com\/de\/wp-json\/wp\/v2\/product\/9259","targetHints":{"allow":["GET"]}}],"collection":[{"href":"https:\/\/palmaequipmentrental.com\/de\/wp-json\/wp\/v2\/product"}],"about":[{"href":"https:\/\/palmaequipmentrental.com\/de\/wp-json\/wp\/v2\/types\/product"}],"wp:featuredmedia":[{"embeddable":true,"href":"https:\/\/palmaequipmentrental.com\/de\/wp-json\/wp\/v2\/media\/8770"}],"wp:attachment":[{"href":"https:\/\/palmaequipmentrental.com\/de\/wp-json\/wp\/v2\/media?parent=9259"}],"wp:term":[{"taxonomy":"product_cat","embeddable":true,"href":"https:\/\/palmaequipmentrental.com\/de\/wp-json\/wp\/v2\/product_cat?post=9259"},{"taxonomy":"product_tag","embeddable":true,"href":"https:\/\/palmaequipmentrental.com\/de\/wp-json\/wp\/v2\/product_tag?post=9259"}],"curies":[{"name":"wp","href":"https:\/\/api.w.org\/{rel}","templated":true}]}}