{"id":9672,"date":"2022-07-08T07:37:40","date_gmt":"2022-07-08T07:37:40","guid":{"rendered":"https:\/\/www.palmaequipmentrental.com\/?post_type=product&#038;p=9672"},"modified":"2022-08-05T11:33:55","modified_gmt":"2022-08-05T11:33:55","slug":"hyperjuice-usb-c-pd-100","status":"publish","type":"product","link":"https:\/\/palmaequipmentrental.com\/de\/photo-video-equipment-mallorca\/hyperjuice-usb-c-pd-100\/","title":{"rendered":"Hyperjuice USB-C PD 100 Akku"},"content":{"rendered":"<p>Unser <strong>Hyperjuice USB-C Kit<\/strong> enth\u00e4lt:<\/p>\n<ul>\n<li>1x Hyperjuice USB-C PD 100 Akku<\/li>\n<li>1x Hyperjuice 100W GaN USB-C Ladeger\u00e4t<\/li>\n<li>1x 100W USB-C auf USB-C-Ladekabel<\/li>\n<\/ul>\n<p>HyperJuice USB-C Ladeger\u00e4t f\u00fcr Macbook Computer mit 100W Leistung und 27000mAh Kapazit\u00e4t.<br \/>\nEr verf\u00fcgt \u00fcber die neueste USB-C PD (Power Delivery) Akku-Technologie und ist der einzige externe USB-C Akku auf dem Markt mit 100 W Ausgangsleistung. Diese Batterie kann Ihr MacBook Pro 16 M1 in allen Arbeitsmodi aufladen. Von der Airline zugelassene Batterie f\u00fcr das Handgep\u00e4ck. Erf\u00fcllt die TSA-Anforderungen.\u00a0Viele gro\u00dfartige Funktionen machen diese Batterie zur besten verf\u00fcgbaren USB-C-Batterie auf dem Markt.<\/p>\n<ul>\n<li>Stromkapazit\u00e4t: 100Wh\/27000mAh<\/li>\n<li>Stromeingang: Max. 100W USB-C Power Delivery<\/li>\n<li>Maximale USB-Gesamtausgangsleistung: 245W<\/li>\n<li>Anschl\u00fcsse: 4 x USB-C<\/li>\n<li>Passthrough-Laden: Akkupack und angeschlossene Ger\u00e4te gleichzeitig aufladen<\/li>\n<li>Schutz: \u00dcberstrom, \u00dcberspannung, \u00dcbertemperatur, Kurzschlussschutz<\/li>\n<li>Batteriezelle: Lithium-Ionen<\/li>\n<li>Zertifizierungen: CE, FCC, CB, UN 38.3, RoHS, PSE<\/li>\n<li>Abmessungen: 191 x 81 x 28 mm \/ 7.51 x 3.18 x 1.10&#8243;<\/li>\n<li>Gewicht: 765g<\/li>\n<\/ul>\n","protected":false},"excerpt":{"rendered":"<p>Unser Hyperjuice USB-C Kit enth\u00e4lt: 1x Hyperjuice USB-C PD 100 Akku 1x Hyperjuice 100W GaN USB-C Ladeger\u00e4t 1x 100W USB-C auf USB-C-Ladekabel HyperJuice USB-C Ladeger\u00e4t f\u00fcr Macbook Computer mit 100W Leistung und 27000mAh Kapazit\u00e4t. Er verf\u00fcgt \u00fcber die neueste USB-C PD (Power Delivery) Akku-Technologie und ist der einzige externe USB-C Akku auf dem Markt mit 100 W Ausgangsleistung. Diese Batterie [&hellip;]<\/p>\n","protected":false},"featured_media":9662,"template":"","meta":[],"product_cat":[129],"product_tag":[],"class_list":{"0":"post-9672","1":"product","2":"type-product","3":"status-publish","4":"has-post-thumbnail","6":"product_cat-batterien","8":"first","9":"instock","10":"shipping-taxable","11":"purchasable","12":"product-type-simple"},"_links":{"self":[{"href":"https:\/\/palmaequipmentrental.com\/de\/wp-json\/wp\/v2\/product\/9672","targetHints":{"allow":["GET"]}}],"collection":[{"href":"https:\/\/palmaequipmentrental.com\/de\/wp-json\/wp\/v2\/product"}],"about":[{"href":"https:\/\/palmaequipmentrental.com\/de\/wp-json\/wp\/v2\/types\/product"}],"wp:featuredmedia":[{"embeddable":true,"href":"https:\/\/palmaequipmentrental.com\/de\/wp-json\/wp\/v2\/media\/9662"}],"wp:attachment":[{"href":"https:\/\/palmaequipmentrental.com\/de\/wp-json\/wp\/v2\/media?parent=9672"}],"wp:term":[{"taxonomy":"product_cat","embeddable":true,"href":"https:\/\/palmaequipmentrental.com\/de\/wp-json\/wp\/v2\/product_cat?post=9672"},{"taxonomy":"product_tag","embeddable":true,"href":"https:\/\/palmaequipmentrental.com\/de\/wp-json\/wp\/v2\/product_tag?post=9672"}],"curies":[{"name":"wp","href":"https:\/\/api.w.org\/{rel}","templated":true}]}}