{"id":9807,"date":"2022-07-12T11:49:05","date_gmt":"2022-07-12T11:49:05","guid":{"rendered":"https:\/\/www.palmaequipmentrental.com\/?post_type=product&#038;p=9807"},"modified":"2022-10-14T09:14:39","modified_gmt":"2022-10-14T09:14:39","slug":"tetherblock","status":"publish","type":"product","link":"https:\/\/palmaequipmentrental.com\/de\/photo-video-equipment-mallorca\/tetherblock\/","title":{"rendered":"TetherBlock"},"content":{"rendered":"<p><strong>Tether Tools TetherBlock<\/strong><\/p>\n<p>Der TetherBlock arretiert Ihr Tethering-Kabel und sorgt daf\u00fcr, dass Ihr Kabel eingesteckt bleibt und der Datenanschluss Ihrer Kamera vor Besch\u00e4digungen gesch\u00fctzt ist.<\/p>\n","protected":false},"excerpt":{"rendered":"<p>Tether Tools TetherBlock Der TetherBlock arretiert Ihr Tethering-Kabel und sorgt daf\u00fcr, dass Ihr Kabel eingesteckt bleibt und der Datenanschluss Ihrer Kamera vor Besch\u00e4digungen gesch\u00fctzt ist.<\/p>\n","protected":false},"featured_media":9805,"template":"","meta":[],"product_cat":[121,172],"product_tag":[],"class_list":{"0":"post-9807","1":"product","2":"type-product","3":"status-publish","4":"has-post-thumbnail","6":"product_cat-kamera-zubehor","7":"product_cat-kamera-zubehor-de","9":"first","10":"instock","11":"shipping-taxable","12":"purchasable","13":"product-type-simple"},"_links":{"self":[{"href":"https:\/\/palmaequipmentrental.com\/de\/wp-json\/wp\/v2\/product\/9807","targetHints":{"allow":["GET"]}}],"collection":[{"href":"https:\/\/palmaequipmentrental.com\/de\/wp-json\/wp\/v2\/product"}],"about":[{"href":"https:\/\/palmaequipmentrental.com\/de\/wp-json\/wp\/v2\/types\/product"}],"wp:featuredmedia":[{"embeddable":true,"href":"https:\/\/palmaequipmentrental.com\/de\/wp-json\/wp\/v2\/media\/9805"}],"wp:attachment":[{"href":"https:\/\/palmaequipmentrental.com\/de\/wp-json\/wp\/v2\/media?parent=9807"}],"wp:term":[{"taxonomy":"product_cat","embeddable":true,"href":"https:\/\/palmaequipmentrental.com\/de\/wp-json\/wp\/v2\/product_cat?post=9807"},{"taxonomy":"product_tag","embeddable":true,"href":"https:\/\/palmaequipmentrental.com\/de\/wp-json\/wp\/v2\/product_tag?post=9807"}],"curies":[{"name":"wp","href":"https:\/\/api.w.org\/{rel}","templated":true}]}}