{"id":9818,"date":"2022-07-13T08:08:36","date_gmt":"2022-07-13T08:08:36","guid":{"rendered":"https:\/\/www.palmaequipmentrental.com\/?post_type=product&#038;p=9818"},"modified":"2022-10-14T09:13:35","modified_gmt":"2022-10-14T09:13:35","slug":"tetherboost-pro-usb-3-0-core-controller","status":"publish","type":"product","link":"https:\/\/palmaequipmentrental.com\/de\/photo-video-equipment-mallorca\/tetherboost-pro-usb-3-0-core-controller\/","title":{"rendered":"TetherBoost Pro USB 3.0 Core Controller"},"content":{"rendered":"<p><strong>TetherPro TetherBoost Pro USB 3.0 Core Controller<\/strong><\/p>\n<p>Der TetherBoost Pro USB 3.0 Core Controller liefert eine konstante Leistung, um eine stabile Verbindung f\u00fcr die kabelgebundene Bild\u00fcbertragung zu gew\u00e4hrleisten, wenn eine DSLR oder ein digitales Mittelformat-R\u00fcckteilsystem \u00fcber USB 3.0-Kabel mit einem Computer verbunden ist, wobei Entfernungen von bis zu 15 Metern erreicht werden k\u00f6nnen.<\/p>\n","protected":false},"excerpt":{"rendered":"<p>TetherPro TetherBoost Pro USB 3.0 Core Controller Der TetherBoost Pro USB 3.0 Core Controller liefert eine konstante Leistung, um eine stabile Verbindung f\u00fcr die kabelgebundene Bild\u00fcbertragung zu gew\u00e4hrleisten, wenn eine DSLR oder ein digitales Mittelformat-R\u00fcckteilsystem \u00fcber USB 3.0-Kabel mit einem Computer verbunden ist, wobei Entfernungen von bis zu 15 Metern erreicht werden k\u00f6nnen.<\/p>\n","protected":false},"featured_media":9816,"template":"","meta":[],"product_cat":[407],"product_tag":[],"class_list":{"0":"post-9818","1":"product","2":"type-product","3":"status-publish","4":"has-post-thumbnail","6":"product_cat-tethering-kabel","8":"first","9":"instock","10":"shipping-taxable","11":"purchasable","12":"product-type-simple"},"_links":{"self":[{"href":"https:\/\/palmaequipmentrental.com\/de\/wp-json\/wp\/v2\/product\/9818","targetHints":{"allow":["GET"]}}],"collection":[{"href":"https:\/\/palmaequipmentrental.com\/de\/wp-json\/wp\/v2\/product"}],"about":[{"href":"https:\/\/palmaequipmentrental.com\/de\/wp-json\/wp\/v2\/types\/product"}],"wp:featuredmedia":[{"embeddable":true,"href":"https:\/\/palmaequipmentrental.com\/de\/wp-json\/wp\/v2\/media\/9816"}],"wp:attachment":[{"href":"https:\/\/palmaequipmentrental.com\/de\/wp-json\/wp\/v2\/media?parent=9818"}],"wp:term":[{"taxonomy":"product_cat","embeddable":true,"href":"https:\/\/palmaequipmentrental.com\/de\/wp-json\/wp\/v2\/product_cat?post=9818"},{"taxonomy":"product_tag","embeddable":true,"href":"https:\/\/palmaequipmentrental.com\/de\/wp-json\/wp\/v2\/product_tag?post=9818"}],"curies":[{"name":"wp","href":"https:\/\/api.w.org\/{rel}","templated":true}]}}