{"id":9837,"date":"2022-07-13T09:05:00","date_gmt":"2022-07-13T09:05:00","guid":{"rendered":"https:\/\/www.palmaequipmentrental.com\/?post_type=product&#038;p=9837"},"modified":"2022-10-14T09:12:14","modified_gmt":"2022-10-14T09:12:14","slug":"tetherpro-usb-2-0-data-extension-cable-4-6m-2","status":"publish","type":"product","link":"https:\/\/palmaequipmentrental.com\/de\/photo-video-equipment-mallorca\/tetherpro-usb-2-0-data-extension-cable-4-6m-2\/","title":{"rendered":"TetherPro USB 2.0 Daten-Verl\u00e4ngerungskabel"},"content":{"rendered":"<p><strong>TetherPro USB 2.0 Daten-Verl\u00e4ngerungskabel 4,6m<\/strong><\/p>\n<p>Die TetherPro USB 2.0-auf-Buchse Aktiv-Verl\u00e4ngerungskabel erm\u00f6glichen l\u00e4ngere Tethering-Entfernungen, ohne dass Sie sich Gedanken \u00fcber Signalfehler oder besch\u00e4digte Daten\u00fcbertragungen machen m\u00fcssen. Alle Kabel sind 4,6 m lang und k\u00f6nnen aneinander gereiht werden.<\/p>\n","protected":false},"excerpt":{"rendered":"<p>TetherPro USB 2.0 Daten-Verl\u00e4ngerungskabel 4,6m Die TetherPro USB 2.0-auf-Buchse Aktiv-Verl\u00e4ngerungskabel erm\u00f6glichen l\u00e4ngere Tethering-Entfernungen, ohne dass Sie sich Gedanken \u00fcber Signalfehler oder besch\u00e4digte Daten\u00fcbertragungen machen m\u00fcssen. Alle Kabel sind 4,6 m lang und k\u00f6nnen aneinander gereiht werden.<\/p>\n","protected":false},"featured_media":9833,"template":"","meta":[],"product_cat":[407],"product_tag":[],"class_list":{"0":"post-9837","1":"product","2":"type-product","3":"status-publish","4":"has-post-thumbnail","6":"product_cat-tethering-kabel","8":"first","9":"instock","10":"shipping-taxable","11":"purchasable","12":"product-type-simple"},"_links":{"self":[{"href":"https:\/\/palmaequipmentrental.com\/de\/wp-json\/wp\/v2\/product\/9837","targetHints":{"allow":["GET"]}}],"collection":[{"href":"https:\/\/palmaequipmentrental.com\/de\/wp-json\/wp\/v2\/product"}],"about":[{"href":"https:\/\/palmaequipmentrental.com\/de\/wp-json\/wp\/v2\/types\/product"}],"wp:featuredmedia":[{"embeddable":true,"href":"https:\/\/palmaequipmentrental.com\/de\/wp-json\/wp\/v2\/media\/9833"}],"wp:attachment":[{"href":"https:\/\/palmaequipmentrental.com\/de\/wp-json\/wp\/v2\/media?parent=9837"}],"wp:term":[{"taxonomy":"product_cat","embeddable":true,"href":"https:\/\/palmaequipmentrental.com\/de\/wp-json\/wp\/v2\/product_cat?post=9837"},{"taxonomy":"product_tag","embeddable":true,"href":"https:\/\/palmaequipmentrental.com\/de\/wp-json\/wp\/v2\/product_tag?post=9837"}],"curies":[{"name":"wp","href":"https:\/\/api.w.org\/{rel}","templated":true}]}}