{"id":9853,"date":"2022-07-13T09:28:05","date_gmt":"2022-07-13T09:28:05","guid":{"rendered":"https:\/\/www.palmaequipmentrental.com\/?post_type=product&#038;p=9853"},"modified":"2022-10-14T09:10:59","modified_gmt":"2022-10-14T09:10:59","slug":"tetherpro-usb-3-0-to-usb-c-cable","status":"publish","type":"product","link":"https:\/\/palmaequipmentrental.com\/de\/photo-video-equipment-mallorca\/tetherpro-usb-3-0-to-usb-c-cable\/","title":{"rendered":"TetherPro USB 3.0 auf USB-C Kabel"},"content":{"rendered":"<p><strong>TetherPro USB 3.0 zu USB-C Kabel 4,6m.<\/strong><\/p>\n<p>Mit dem TetherPro USB 3.0 auf USB-C Kabel k\u00f6nnen Sie Ihre USB-C Kamera direkt an den herk\u00f6mmlichen USB-A Anschluss Ihres Computers anschlie\u00dfen. Keine Adapter oder Dongles notwendig.<\/p>\n","protected":false},"excerpt":{"rendered":"<p>TetherPro USB 3.0 zu USB-C Kabel 4,6m. Mit dem TetherPro USB 3.0 auf USB-C Kabel k\u00f6nnen Sie Ihre USB-C Kamera direkt an den herk\u00f6mmlichen USB-A Anschluss Ihres Computers anschlie\u00dfen. Keine Adapter oder Dongles notwendig.<\/p>\n","protected":false},"featured_media":9851,"template":"","meta":[],"product_cat":[407],"product_tag":[],"class_list":{"0":"post-9853","1":"product","2":"type-product","3":"status-publish","4":"has-post-thumbnail","6":"product_cat-tethering-kabel","8":"first","9":"instock","10":"shipping-taxable","11":"purchasable","12":"product-type-simple"},"_links":{"self":[{"href":"https:\/\/palmaequipmentrental.com\/de\/wp-json\/wp\/v2\/product\/9853","targetHints":{"allow":["GET"]}}],"collection":[{"href":"https:\/\/palmaequipmentrental.com\/de\/wp-json\/wp\/v2\/product"}],"about":[{"href":"https:\/\/palmaequipmentrental.com\/de\/wp-json\/wp\/v2\/types\/product"}],"wp:featuredmedia":[{"embeddable":true,"href":"https:\/\/palmaequipmentrental.com\/de\/wp-json\/wp\/v2\/media\/9851"}],"wp:attachment":[{"href":"https:\/\/palmaequipmentrental.com\/de\/wp-json\/wp\/v2\/media?parent=9853"}],"wp:term":[{"taxonomy":"product_cat","embeddable":true,"href":"https:\/\/palmaequipmentrental.com\/de\/wp-json\/wp\/v2\/product_cat?post=9853"},{"taxonomy":"product_tag","embeddable":true,"href":"https:\/\/palmaequipmentrental.com\/de\/wp-json\/wp\/v2\/product_tag?post=9853"}],"curies":[{"name":"wp","href":"https:\/\/api.w.org\/{rel}","templated":true}]}}