{"id":9886,"date":"2022-07-13T11:20:11","date_gmt":"2022-07-13T11:20:11","guid":{"rendered":"https:\/\/www.palmaequipmentrental.com\/product\/apple-magic-trackpad\/"},"modified":"2024-02-13T12:08:25","modified_gmt":"2024-02-13T12:08:25","slug":"apple-magic-trackpad","status":"publish","type":"product","link":"https:\/\/palmaequipmentrental.com\/de\/photo-video-equipment-mallorca\/apple-magic-trackpad\/","title":{"rendered":"Apple Magic Trackpad 2"},"content":{"rendered":"<p>Bei Palma Equipment Rental freuen wir uns, das elegante Apple Trackpad 2 zur Miete anzubieten, perfekt f\u00fcr Fotografen und Videografen, die ihren Bearbeitungsworkflow in Palma de Mallorca und dar\u00fcber hinaus optimieren m\u00f6chten. Dieses Ger\u00e4t bietet Pr\u00e4zision und Benutzerfreundlichkeit bei jedem Klick, Wischen und Zoomen und verbessert Ihren kreativen Prozess bei Shootings auf den Balearen und dem spanischen Festland.<\/p>\n<ul>\n<li><strong>Technische Details:<\/strong>\n<ul>\n<li>Force Touch-Technologie f\u00fcr druckempfindliches Zeichnen und Multi-Touch-Gesten<\/li>\n<li>Bluetooth-Konnektivit\u00e4t f\u00fcr einen aufger\u00e4umten Arbeitsplatz<\/li>\n<li>Wiederaufladbare Batterie<\/li>\n<li>Glasoberfl\u00e4che von Rand zu Rand f\u00fcr eine reaktionsf\u00e4hige und ger\u00e4umige Touch-Fl\u00e4che<\/li>\n<li>Kompatibel mit Mac-Computern, die macOS Sierra oder sp\u00e4ter ausf\u00fchren<\/li>\n<\/ul>\n<\/li>\n<\/ul>\n<p>Warum brauchen Sie es? Das Apple Trackpad 2 ist unverzichtbar f\u00fcr Digitaltechniker und Location Manager, die die Postproduktion mit seinen intuitiven Gesten und pr\u00e4ziser Steuerung beschleunigen m\u00f6chten.<\/p>\n<p>Lassen Sie Palma Equipment Rental Ihre erste Anlaufstelle f\u00fcr die Miete von professionellem Foto- und Videoequipment sein. Unser umfangreiches Inventar umfasst nicht nur das Apple Trackpad 2, sondern auch branchenstandardm\u00e4\u00dfige Beleuchtungs-, Kamera- und Produktionsausr\u00fcstung von Top-Marken wie Profoto, Arri und Canon. Mit unserem Engagement f\u00fcr Flexibilit\u00e4t, Effizienz und rund um die Uhr technischen Support sind wir hier, um Ihren Shoot in Palma de Mallorca, auf den Balearen oder dem spanischen Festland zum vollen Erfolg zu machen. Entdecken Sie den Unterschied mit Palma Equipment Rental \u2013 wo Ihre Kreativit\u00e4t auf unsere Ausr\u00fcstungsexpertise trifft.<\/p>\n<p><span style=\"font-family: Verdana, sans-serif; color: #000000;\"><span style=\"line-height: normal;\">\u00a0<\/span><\/span><\/p>\n","protected":false},"excerpt":{"rendered":"<p>Bei Palma Equipment Rental freuen wir uns, das elegante Apple Trackpad 2 zur Miete anzubieten, perfekt f\u00fcr Fotografen und Videografen, die ihren Bearbeitungsworkflow in Palma de Mallorca und dar\u00fcber hinaus optimieren m\u00f6chten. Dieses Ger\u00e4t bietet Pr\u00e4zision und Benutzerfreundlichkeit bei jedem Klick, Wischen und Zoomen und verbessert Ihren kreativen Prozess bei Shootings auf den Balearen und dem spanischen Festland. Technische Details: [&hellip;]<\/p>\n","protected":false},"featured_media":14005,"template":"","meta":[],"product_cat":[131],"product_tag":[],"class_list":{"0":"post-9886","1":"product","2":"type-product","3":"status-publish","4":"has-post-thumbnail","6":"product_cat-digitale-zubehor","8":"first","9":"instock","10":"shipping-taxable","11":"purchasable","12":"product-type-simple"},"_links":{"self":[{"href":"https:\/\/palmaequipmentrental.com\/de\/wp-json\/wp\/v2\/product\/9886","targetHints":{"allow":["GET"]}}],"collection":[{"href":"https:\/\/palmaequipmentrental.com\/de\/wp-json\/wp\/v2\/product"}],"about":[{"href":"https:\/\/palmaequipmentrental.com\/de\/wp-json\/wp\/v2\/types\/product"}],"wp:featuredmedia":[{"embeddable":true,"href":"https:\/\/palmaequipmentrental.com\/de\/wp-json\/wp\/v2\/media\/14005"}],"wp:attachment":[{"href":"https:\/\/palmaequipmentrental.com\/de\/wp-json\/wp\/v2\/media?parent=9886"}],"wp:term":[{"taxonomy":"product_cat","embeddable":true,"href":"https:\/\/palmaequipmentrental.com\/de\/wp-json\/wp\/v2\/product_cat?post=9886"},{"taxonomy":"product_tag","embeddable":true,"href":"https:\/\/palmaequipmentrental.com\/de\/wp-json\/wp\/v2\/product_tag?post=9886"}],"curies":[{"name":"wp","href":"https:\/\/api.w.org\/{rel}","templated":true}]}}