{"id":9892,"date":"2022-07-13T11:23:55","date_gmt":"2022-07-13T11:23:55","guid":{"rendered":"https:\/\/www.palmaequipmentrental.com\/?post_type=product&#038;p=9892"},"modified":"2022-08-05T11:33:52","modified_gmt":"2022-08-05T11:33:52","slug":"wacom-intous-pro","status":"publish","type":"product","link":"https:\/\/palmaequipmentrental.com\/de\/photo-video-equipment-mallorca\/wacom-intous-pro\/","title":{"rendered":"Wacom Intous Pro"},"content":{"rendered":"<p><strong>Wacom Intous Pro M Stift-Zeichentablett<\/strong><\/p>\n<p>Die 8.192 Stufen der Stiftempfindlichkeit und die Neigungserkennung vermitteln das Gef\u00fchl traditioneller Kunstmethoden f\u00fcr einen nat\u00fcrlichen und instinktiven Ausdruck.<br \/>\nMit den anpassbaren ExpressKeys und Multi-Touch-Gesten dieses Intuos Pro-Stifttabletts k\u00f6nnen Sie schnell auf die Shortcuts Ihrer Software zugreifen, ohne Ihre Arbeit zu unterbrechen.<\/p>\n","protected":false},"excerpt":{"rendered":"<p>Wacom Intous Pro M Stift-Zeichentablett Die 8.192 Stufen der Stiftempfindlichkeit und die Neigungserkennung vermitteln das Gef\u00fchl traditioneller Kunstmethoden f\u00fcr einen nat\u00fcrlichen und instinktiven Ausdruck. Mit den anpassbaren ExpressKeys und Multi-Touch-Gesten dieses Intuos Pro-Stifttabletts k\u00f6nnen Sie schnell auf die Shortcuts Ihrer Software zugreifen, ohne Ihre Arbeit zu unterbrechen.<\/p>\n","protected":false},"featured_media":9890,"template":"","meta":[],"product_cat":[131],"product_tag":[],"class_list":{"0":"post-9892","1":"product","2":"type-product","3":"status-publish","4":"has-post-thumbnail","6":"product_cat-digitale-zubehor","8":"first","9":"instock","10":"shipping-taxable","11":"purchasable","12":"product-type-simple"},"_links":{"self":[{"href":"https:\/\/palmaequipmentrental.com\/de\/wp-json\/wp\/v2\/product\/9892","targetHints":{"allow":["GET"]}}],"collection":[{"href":"https:\/\/palmaequipmentrental.com\/de\/wp-json\/wp\/v2\/product"}],"about":[{"href":"https:\/\/palmaequipmentrental.com\/de\/wp-json\/wp\/v2\/types\/product"}],"wp:featuredmedia":[{"embeddable":true,"href":"https:\/\/palmaequipmentrental.com\/de\/wp-json\/wp\/v2\/media\/9890"}],"wp:attachment":[{"href":"https:\/\/palmaequipmentrental.com\/de\/wp-json\/wp\/v2\/media?parent=9892"}],"wp:term":[{"taxonomy":"product_cat","embeddable":true,"href":"https:\/\/palmaequipmentrental.com\/de\/wp-json\/wp\/v2\/product_cat?post=9892"},{"taxonomy":"product_tag","embeddable":true,"href":"https:\/\/palmaequipmentrental.com\/de\/wp-json\/wp\/v2\/product_tag?post=9892"}],"curies":[{"name":"wp","href":"https:\/\/api.w.org\/{rel}","templated":true}]}}