{"id":9914,"date":"2022-07-14T09:18:11","date_gmt":"2022-07-14T09:18:11","guid":{"rendered":"https:\/\/www.palmaequipmentrental.com\/?post_type=product&#038;p=9914"},"modified":"2022-08-05T11:33:52","modified_gmt":"2022-08-05T11:33:52","slug":"levelling-base","status":"publish","type":"product","link":"https:\/\/palmaequipmentrental.com\/de\/photo-video-equipment-mallorca\/levelling-base\/","title":{"rendered":"Manfrotto Nivellier Basis"},"content":{"rendered":"<p><b>Manfrotto 438 Ball CameraLeveller\u00a0<\/b>Nivellier Basis<\/p>\n<p>Die 438 wird zwischen dem Stativ und dem Iwork-Geh\u00e4use montiert und erm\u00f6glicht eine einfache und schnelle Nivellierung. Sein Bewegungsbereich betr\u00e4gt 10\u00b0.<\/p>\n<p><strong>merkmale<\/strong><\/p>\n<ul>\n<li>F\u00fcr Iwork-Geh\u00e4use und Stative ohne integrierten Nivelliermechanismus.<\/li>\n<li>Universalbefestigung mit 3\/8&#8220;-Gewinde oben<\/li>\n<li>Sicherheit Nutzlast Gewicht 15 kg<\/li>\n<li>Gewicht 0,65 kg<\/li>\n<li>Neigung vorne -5\u00b0 \/ +5\u00b0<\/li>\n<\/ul>\n","protected":false},"excerpt":{"rendered":"<p>Manfrotto 438 Ball CameraLeveller\u00a0Nivellier Basis Die 438 wird zwischen dem Stativ und dem Iwork-Geh\u00e4use montiert und erm\u00f6glicht eine einfache und schnelle Nivellierung. Sein Bewegungsbereich betr\u00e4gt 10\u00b0. merkmale F\u00fcr Iwork-Geh\u00e4use und Stative ohne integrierten Nivelliermechanismus. Universalbefestigung mit 3\/8&#8220;-Gewinde oben Sicherheit Nutzlast Gewicht 15 kg Gewicht 0,65 kg Neigung vorne -5\u00b0 \/ +5\u00b0<\/p>\n","protected":false},"featured_media":9923,"template":"","meta":[],"product_cat":[754],"product_tag":[],"class_list":{"0":"post-9914","1":"product","2":"type-product","3":"status-publish","4":"has-post-thumbnail","6":"product_cat-digitaler-workstation","8":"first","9":"instock","10":"shipping-taxable","11":"purchasable","12":"product-type-simple"},"_links":{"self":[{"href":"https:\/\/palmaequipmentrental.com\/de\/wp-json\/wp\/v2\/product\/9914","targetHints":{"allow":["GET"]}}],"collection":[{"href":"https:\/\/palmaequipmentrental.com\/de\/wp-json\/wp\/v2\/product"}],"about":[{"href":"https:\/\/palmaequipmentrental.com\/de\/wp-json\/wp\/v2\/types\/product"}],"wp:featuredmedia":[{"embeddable":true,"href":"https:\/\/palmaequipmentrental.com\/de\/wp-json\/wp\/v2\/media\/9923"}],"wp:attachment":[{"href":"https:\/\/palmaequipmentrental.com\/de\/wp-json\/wp\/v2\/media?parent=9914"}],"wp:term":[{"taxonomy":"product_cat","embeddable":true,"href":"https:\/\/palmaequipmentrental.com\/de\/wp-json\/wp\/v2\/product_cat?post=9914"},{"taxonomy":"product_tag","embeddable":true,"href":"https:\/\/palmaequipmentrental.com\/de\/wp-json\/wp\/v2\/product_tag?post=9914"}],"curies":[{"name":"wp","href":"https:\/\/api.w.org\/{rel}","templated":true}]}}