{"id":9943,"date":"2022-07-14T11:35:40","date_gmt":"2022-07-14T11:35:40","guid":{"rendered":"https:\/\/www.palmaequipmentrental.com\/?post_type=product&#038;p=9943"},"modified":"2022-08-05T11:33:52","modified_gmt":"2022-08-05T11:33:52","slug":"apple-adapter-usb-c-to-usb-3-0","status":"publish","type":"product","link":"https:\/\/palmaequipmentrental.com\/de\/photo-video-equipment-mallorca\/apple-adapter-usb-c-to-usb-3-0\/","title":{"rendered":"Apple USB\u2011C auf USB 3.0 Adapter"},"content":{"rendered":"<p><strong>Apple USB\u2011C auf USB 3.0 Adapter<\/strong><\/p>\n<p>Mit dem USB\u2011C auf USB Adapter kannst du iOS Ger\u00e4te und viele g\u00e4ngige USB Zubeh\u00f6rger\u00e4te mit einem USB\u2011C oder Thunderbolt 3 (USB\u2011C) f\u00e4higen Mac verbinden.<\/p>\n<p>Verbinde das USB\u2011C Ende des Adapters mit einem USB\u2011C oder Thunderbolt 3 (USB\u2011C) Anschluss deines Mac. Und schlie\u00df dann einen Flash Drive, eine Kamera oder ein anderes Standard USB Ger\u00e4t an. Mit einem Lightning auf USB Kabel kannst du auch dein iPhone, iPad oder deinen iPod synchronisieren und laden.<\/p>\n","protected":false},"excerpt":{"rendered":"<p>Apple USB\u2011C auf USB 3.0 Adapter Mit dem USB\u2011C auf USB Adapter kannst du iOS Ger\u00e4te und viele g\u00e4ngige USB Zubeh\u00f6rger\u00e4te mit einem USB\u2011C oder Thunderbolt 3 (USB\u2011C) f\u00e4higen Mac verbinden. Verbinde das USB\u2011C Ende des Adapters mit einem USB\u2011C oder Thunderbolt 3 (USB\u2011C) Anschluss deines Mac. Und schlie\u00df dann einen Flash Drive, eine Kamera oder ein anderes Standard USB [&hellip;]<\/p>\n","protected":false},"featured_media":9941,"template":"","meta":[],"product_cat":[131],"product_tag":[],"class_list":{"0":"post-9943","1":"product","2":"type-product","3":"status-publish","4":"has-post-thumbnail","6":"product_cat-digitale-zubehor","8":"first","9":"instock","10":"shipping-taxable","11":"purchasable","12":"product-type-simple"},"_links":{"self":[{"href":"https:\/\/palmaequipmentrental.com\/de\/wp-json\/wp\/v2\/product\/9943","targetHints":{"allow":["GET"]}}],"collection":[{"href":"https:\/\/palmaequipmentrental.com\/de\/wp-json\/wp\/v2\/product"}],"about":[{"href":"https:\/\/palmaequipmentrental.com\/de\/wp-json\/wp\/v2\/types\/product"}],"wp:featuredmedia":[{"embeddable":true,"href":"https:\/\/palmaequipmentrental.com\/de\/wp-json\/wp\/v2\/media\/9941"}],"wp:attachment":[{"href":"https:\/\/palmaequipmentrental.com\/de\/wp-json\/wp\/v2\/media?parent=9943"}],"wp:term":[{"taxonomy":"product_cat","embeddable":true,"href":"https:\/\/palmaequipmentrental.com\/de\/wp-json\/wp\/v2\/product_cat?post=9943"},{"taxonomy":"product_tag","embeddable":true,"href":"https:\/\/palmaequipmentrental.com\/de\/wp-json\/wp\/v2\/product_tag?post=9943"}],"curies":[{"name":"wp","href":"https:\/\/api.w.org\/{rel}","templated":true}]}}