{"id":4017,"date":"2014-11-20T10:48:11","date_gmt":"2014-11-20T10:48:11","guid":{"rendered":"http:\/\/www.palmaequipmentrental.com\/contact-us-2\/"},"modified":"2025-09-22T11:28:42","modified_gmt":"2025-09-22T11:28:42","slug":"contact-us","status":"publish","type":"page","link":"https:\/\/palmaequipmentrental.com\/es\/contact-us\/","title":{"rendered":"Contacto"},"content":{"rendered":"<style><span data-mce-type=\"bookmark\" style=\"display: inline-block; width: 0px; overflow: hidden; line-height: 0;\" class=\"mce_SELRES_start\">\ufeff<\/span><span data-mce-type=\"bookmark\" style=\"display: inline-block; width: 0px; overflow: hidden; line-height: 0;\" class=\"mce_SELRES_start\">\ufeff<\/span>  .contact{ display: grid; grid-template-columns: 1fr; gap: 40px; }       .contact-content {grid-column: 1 \/ -1;}      .contact-info, .map-section { padding: 10px;}       address {        font-style: normal;}       .map-section iframe { width: 100%; height: 350px; border-radius: 5px;}       @media (min-width: 800px) {   .container { grid-template-columns: 1fr 1fr;  }  } <\/style>\n<p data-start=\"89\" data-end=\"128\"><strong data-start=\"89\" data-end=\"128\">Contacta con Palma Equipment Rental<\/strong><\/p>\n<p data-start=\"130\" data-end=\"507\">Nos encantar\u00e1 saber de ti. La mejor forma de comenzar es envi\u00e1ndonos un correo electr\u00f3nico con tu lista de equipo y las fechas de tu rodaje o evento. Si todav\u00eda est\u00e1s decidiendo qu\u00e9 necesitas, puedes utilizar nuestro pr\u00e1ctico generador de presupuesto en la web: simplemente a\u00f1ade los art\u00edculos que te interesan al carrito y env\u00edalo por correo para recibir una respuesta r\u00e1pida.<\/p>\n<p data-start=\"509\" data-end=\"775\">Nuestro horario de atenci\u00f3n es de lunes a viernes, de 09h a 21h. Siempre estamos encantados de recibir a profesionales del sector en nuestro almac\u00e9n en el Pol\u00edgono Can Valero, Palma. Es muy f\u00e1cil llegar: estamos a solo 12 km del aeropuerto, unos 20 minutos en coche.<\/p>\n<p data-start=\"777\" data-end=\"892\">Tambi\u00e9n ofrecemos un servicio de asistencia fuera de horario y durante los fines de semana, con un coste adicional.<\/p>\n<p data-start=\"894\" data-end=\"1095\">Tanto si est\u00e1s preparando una gran producci\u00f3n como un editorial m\u00e1s peque\u00f1o, nuestro equipo est\u00e1 listo para apoyarte con equipamiento fiable, presupuestos r\u00e1pidos y un conocimiento profundo de la zona.<\/p>\n<section class=\"map-section\"><iframe loading=\"lazy\" style=\"border: 0;\" src=\"https:\/\/www.google.com\/maps\/embed?pb=!1m14!1m8!1m3!1d6148.390847216922!2d2.627267!3d39.60028!3m2!1i1024!2i768!4f13.1!3m3!1m2!1s0x1297929721d42e65%3A0x4ff8eadf747bb326!2sPalma%20Equipment%20Rental!5e0!3m2!1sca!2sus!4v1758538928140!5m2!1sca!2sus\" width=\"600\" height=\"450\" allowfullscreen=\"allowfullscreen\"><\/iframe><\/section>\n<section class=\"contact-info\">\n<h2>Palma Equipment Rental C.B.<\/h2>\n<address>C\/Francesc Vallduv\u00ed 7, local 9A<br \/>\nPoligono Can Valero<br \/>\n07011 Palma de Mallorca<\/address>\n<p><a href=\"tel:+34665950883\">+34 665 95 08 83<\/a><br \/>\n<a href=\"mailto:rentals@palmaequipmentrental.com\">rentals@palmaequipmentrental.com<\/a><\/p>\n<\/section>\n<\/div>\n","protected":false},"excerpt":{"rendered":"<p>Contacta con Palma Equipment Rental Nos encantar\u00e1 saber de ti. La mejor forma de comenzar es envi\u00e1ndonos un correo electr\u00f3nico con tu lista de equipo y las fechas de tu rodaje o evento. Si todav\u00eda est\u00e1s decidiendo qu\u00e9 necesitas, puedes utilizar nuestro pr\u00e1ctico generador de presupuesto en la web: simplemente a\u00f1ade los art\u00edculos que te interesan al carrito y env\u00edalo [&hellip;]<\/p>\n","protected":false},"author":183,"featured_media":0,"parent":0,"menu_order":0,"comment_status":"closed","ping_status":"open","template":"","meta":{"footnotes":""},"class_list":["post-4017","page","type-page","status-publish","hentry"],"_links":{"self":[{"href":"https:\/\/palmaequipmentrental.com\/es\/wp-json\/wp\/v2\/pages\/4017","targetHints":{"allow":["GET"]}}],"collection":[{"href":"https:\/\/palmaequipmentrental.com\/es\/wp-json\/wp\/v2\/pages"}],"about":[{"href":"https:\/\/palmaequipmentrental.com\/es\/wp-json\/wp\/v2\/types\/page"}],"author":[{"embeddable":true,"href":"https:\/\/palmaequipmentrental.com\/es\/wp-json\/wp\/v2\/users\/183"}],"replies":[{"embeddable":true,"href":"https:\/\/palmaequipmentrental.com\/es\/wp-json\/wp\/v2\/comments?post=4017"}],"version-history":[{"count":9,"href":"https:\/\/palmaequipmentrental.com\/es\/wp-json\/wp\/v2\/pages\/4017\/revisions"}],"predecessor-version":[{"id":15112,"href":"https:\/\/palmaequipmentrental.com\/es\/wp-json\/wp\/v2\/pages\/4017\/revisions\/15112"}],"wp:attachment":[{"href":"https:\/\/palmaequipmentrental.com\/es\/wp-json\/wp\/v2\/media?parent=4017"}],"curies":[{"name":"wp","href":"https:\/\/api.w.org\/{rel}","templated":true}]}}