{"id":10053,"date":"2022-07-18T11:15:55","date_gmt":"2022-07-18T11:15:55","guid":{"rendered":"https:\/\/www.palmaequipmentrental.com\/?post_type=product&#038;p=10053"},"modified":"2022-08-05T12:15:16","modified_gmt":"2022-08-05T12:15:16","slug":"eizo-monitor-cg246-2","status":"publish","type":"product","link":"https:\/\/palmaequipmentrental.com\/es\/photo-video-equipment-mallorca\/eizo-monitor-cg246-2\/","title":{"rendered":"Eizo Monitor CG246"},"content":{"rendered":"<p>Nuestro<strong> monitor Eizo ColorEdge CG246<\/strong> ofrece un color y un rendimiento extraordinarios para los profesionales que trabajan con im\u00e1genes fijas o en movimiento. \u00a0Cuenta con una amplia gama de colores, un sensor de calibraci\u00f3n integrado y varios preajustes para los est\u00e1ndares de emisi\u00f3n.<\/p>\n<p>Se puede montar en un soporte con nuestro accesorio para monitores.<\/p>\n<p><strong>Resoluci\u00f3n nativa:<\/strong><\/p>\n<ul>\n<li>DisplayPort, DVI: 1920 x 1200 (relaci\u00f3n de aspecto 16:10),<\/li>\n<li>HDMI: 1920 x 1080 (relaci\u00f3n de aspecto 16:9)<\/li>\n<\/ul>\n<p><strong>Puertos de entrada de se\u00f1al de v\u00eddeo:<\/strong><\/p>\n<ul>\n<li>\u00a0DVI-I 29 pines<\/li>\n<li>DisplayPort<\/li>\n<li>HDMI<\/li>\n<\/ul>\n<p><strong>Caracter\u00edsticas:<\/strong><\/p>\n<ul>\n<li>Tama\u00f1o 24,1&#8243; \/ 61 cm (611 mm de diagonal)<\/li>\n<li>Dimensiones (sin soporte, ancho x alto x fondo) 575 x 398 x 75 mm<\/li>\n<li>Peso neto 9,9 kg \/ 21,8 lbs<\/li>\n<\/ul>\n","protected":false},"excerpt":{"rendered":"<p>Nuestro monitor Eizo ColorEdge CG246 ofrece un color y un rendimiento extraordinarios para los profesionales que trabajan con im\u00e1genes fijas o en movimiento. \u00a0Cuenta con una amplia gama de colores, un sensor de calibraci\u00f3n integrado y varios preajustes para los est\u00e1ndares de emisi\u00f3n. Se puede montar en un soporte con nuestro accesorio para monitores. Resoluci\u00f3n nativa: DisplayPort, DVI: 1920 x [&hellip;]<\/p>\n","protected":false},"featured_media":10048,"template":"","meta":[],"product_cat":[200],"product_tag":[],"class_list":{"0":"post-10053","1":"product","2":"type-product","3":"status-publish","4":"has-post-thumbnail","6":"product_cat-monitors-es","8":"first","9":"instock","10":"shipping-taxable","11":"purchasable","12":"product-type-simple"},"_links":{"self":[{"href":"https:\/\/palmaequipmentrental.com\/es\/wp-json\/wp\/v2\/product\/10053","targetHints":{"allow":["GET"]}}],"collection":[{"href":"https:\/\/palmaequipmentrental.com\/es\/wp-json\/wp\/v2\/product"}],"about":[{"href":"https:\/\/palmaequipmentrental.com\/es\/wp-json\/wp\/v2\/types\/product"}],"wp:featuredmedia":[{"embeddable":true,"href":"https:\/\/palmaequipmentrental.com\/es\/wp-json\/wp\/v2\/media\/10048"}],"wp:attachment":[{"href":"https:\/\/palmaequipmentrental.com\/es\/wp-json\/wp\/v2\/media?parent=10053"}],"wp:term":[{"taxonomy":"product_cat","embeddable":true,"href":"https:\/\/palmaequipmentrental.com\/es\/wp-json\/wp\/v2\/product_cat?post=10053"},{"taxonomy":"product_tag","embeddable":true,"href":"https:\/\/palmaequipmentrental.com\/es\/wp-json\/wp\/v2\/product_tag?post=10053"}],"curies":[{"name":"wp","href":"https:\/\/api.w.org\/{rel}","templated":true}]}}