{"id":10069,"date":"2022-07-18T11:48:47","date_gmt":"2022-07-18T11:48:47","guid":{"rendered":"https:\/\/www.palmaequipmentrental.com\/product\/monitor-attachement-for-stand\/"},"modified":"2024-01-11T11:08:06","modified_gmt":"2024-01-11T11:08:06","slug":"monitor-attachement-for-stand","status":"publish","type":"product","link":"https:\/\/palmaequipmentrental.com\/es\/photo-video-equipment-mallorca\/monitor-attachement-for-stand\/","title":{"rendered":"Vesa Soporte Monitor"},"content":{"rendered":"<p>La fijacion para\u00a0monitor de estudio<strong>\u00a0 Tethertools\u00a0 VESA Rock Solid<\/strong>\u00a0sostiene monitores de hasta 80 libras (35,5kgs) y se puede montar en Ceferinos comunes y otros soportes de luz utilizando el pasador est\u00e1ndar de 5\/8\u2033(16mm) para baby\/junior. El soporte VESA Compliant est\u00e1 hecho de aluminio aeroespacial y cuenta con pernos duales de 5\/8\u2033 para el montaje en orientaci\u00f3n vertical u horizontal. El soporte de monitor de estudio VESA tambi\u00e9n cuenta con receptores de accesorios duales de 5\/8\u2033 para a\u00f1adir brazos, soportes y accesorios compatibles a la parte superior del soporte de monitor de estudio VESA. La c\u00f3moda tecnolog\u00eda Tru Vu elimina el movimiento o el hundimiento del monitor y\u00a0 permite plegar el soporte para transportarlo de forma f\u00e1cil y segura.<\/p>\n<p><strong>Especificaciones:<\/strong><\/p>\n<ul>\n<li>Capacidad m\u00e1xima &#8211; 36.5kg \/ 80lbs<\/li>\n<li>Se monta en 5\/8\u2033(16mm) Pin Baby Junior que se encuentra en los soportes de agarre, brazos y abrazaderas<\/li>\n<li>Compatible con VESA para monitores de 75x75mm y 100x100mm<\/li>\n<li>Puede aceptar dos brazos, soportes o accesorios de 5\/8\u2033.<\/li>\n<li>Inclinaci\u00f3n del monitor \u00b190\u00b0.<\/li>\n<li>Los monitores se pueden girar f\u00e1cilmente de horizontal a vertical<\/li>\n<li>Peso: 0,75kg \/ 1,67lbs<\/li>\n<li>Profundidad: 19cm \/ 7.4\u2033<\/li>\n<\/ul>\n","protected":false},"excerpt":{"rendered":"<p>La fijacion para\u00a0monitor de estudio\u00a0 Tethertools\u00a0 VESA Rock Solid\u00a0sostiene monitores de hasta 80 libras (35,5kgs) y se puede montar en Ceferinos comunes y otros soportes de luz utilizando el pasador est\u00e1ndar de 5\/8\u2033(16mm) para baby\/junior. El soporte VESA Compliant est\u00e1 hecho de aluminio aeroespacial y cuenta con pernos duales de 5\/8\u2033 para el montaje en orientaci\u00f3n vertical u horizontal. El [&hellip;]<\/p>\n","protected":false},"featured_media":10067,"template":"","meta":[],"product_cat":[200],"product_tag":[],"class_list":{"0":"post-10069","1":"product","2":"type-product","3":"status-publish","4":"has-post-thumbnail","6":"product_cat-monitors-es","8":"first","9":"instock","10":"shipping-taxable","11":"purchasable","12":"product-type-simple"},"_links":{"self":[{"href":"https:\/\/palmaequipmentrental.com\/es\/wp-json\/wp\/v2\/product\/10069","targetHints":{"allow":["GET"]}}],"collection":[{"href":"https:\/\/palmaequipmentrental.com\/es\/wp-json\/wp\/v2\/product"}],"about":[{"href":"https:\/\/palmaequipmentrental.com\/es\/wp-json\/wp\/v2\/types\/product"}],"wp:featuredmedia":[{"embeddable":true,"href":"https:\/\/palmaequipmentrental.com\/es\/wp-json\/wp\/v2\/media\/10067"}],"wp:attachment":[{"href":"https:\/\/palmaequipmentrental.com\/es\/wp-json\/wp\/v2\/media?parent=10069"}],"wp:term":[{"taxonomy":"product_cat","embeddable":true,"href":"https:\/\/palmaequipmentrental.com\/es\/wp-json\/wp\/v2\/product_cat?post=10069"},{"taxonomy":"product_tag","embeddable":true,"href":"https:\/\/palmaequipmentrental.com\/es\/wp-json\/wp\/v2\/product_tag?post=10069"}],"curies":[{"name":"wp","href":"https:\/\/api.w.org\/{rel}","templated":true}]}}