{"id":10088,"date":"2022-07-19T08:56:31","date_gmt":"2022-07-19T08:56:31","guid":{"rendered":"https:\/\/www.palmaequipmentrental.com\/?post_type=product&#038;p=10088"},"modified":"2023-10-12T11:56:35","modified_gmt":"2023-10-12T11:56:35","slug":"mamiya-rz67-pro-ii-body","status":"publish","type":"product","link":"https:\/\/palmaequipmentrental.com\/es\/photo-video-equipment-mallorca\/mamiya-rz67-pro-ii-body\/","title":{"rendered":"Mamiya Cuerpo RZ67 PRO II"},"content":{"rendered":"<p>Nuestro <strong>cuerpo Mamiya RZ67 PRO II<\/strong> incluye el visor de cintura y una correa para la c\u00e1mara.<br \/>\nC\u00e1mara r\u00e9flex anal\u00f3gica de formato medio dise\u00f1ada para uso profesional.<\/p>\n<ul>\n<li>Formato 6&#215;7 para una m\u00e1xima calidad de imagen y capacidad de ampliaci\u00f3n y recorte<\/li>\n<li>Mecanismo de respaldo giratorio que permite pasar sin esfuerzo de composiciones verticales a horizontales<\/li>\n<li>Mecanismo de enfoque de fuelle para facilitar el enfoque y los primeros planos<\/li>\n<li>Todos los objetivos tienen obturadores internos para la sincronizaci\u00f3n del flash a todas las velocidades de obturaci\u00f3n, desde B hasta 1\/400s<\/li>\n<li>F\u00e1cil bloqueo del espejo y exposici\u00f3n m\u00faltiple<\/li>\n<li>Velocidades de obturaci\u00f3n controladas electr\u00f3nicamente para una m\u00e1xima consistencia en la exposici\u00f3n<\/li>\n<li>Utiliza una bater\u00eda PX28 \/ 4LR44 o equivalente (incluida)<\/li>\n<li>Sistema totalmente modular: pantallas de enfoque, visores, respaldos y objetivos intercambiables<\/li>\n<\/ul>\n","protected":false},"excerpt":{"rendered":"<p>Nuestro cuerpo Mamiya RZ67 PRO II incluye el visor de cintura y una correa para la c\u00e1mara. C\u00e1mara r\u00e9flex anal\u00f3gica de formato medio dise\u00f1ada para uso profesional. Formato 6&#215;7 para una m\u00e1xima calidad de imagen y capacidad de ampliaci\u00f3n y recorte Mecanismo de respaldo giratorio que permite pasar sin esfuerzo de composiciones verticales a horizontales Mecanismo de enfoque de fuelle [&hellip;]<\/p>\n","protected":false},"featured_media":10092,"template":"","meta":[],"product_cat":[470],"product_tag":[],"class_list":{"0":"post-10088","1":"product","2":"type-product","3":"status-publish","4":"has-post-thumbnail","6":"product_cat-analogica","8":"first","9":"instock","10":"shipping-taxable","11":"purchasable","12":"product-type-simple"},"_links":{"self":[{"href":"https:\/\/palmaequipmentrental.com\/es\/wp-json\/wp\/v2\/product\/10088","targetHints":{"allow":["GET"]}}],"collection":[{"href":"https:\/\/palmaequipmentrental.com\/es\/wp-json\/wp\/v2\/product"}],"about":[{"href":"https:\/\/palmaequipmentrental.com\/es\/wp-json\/wp\/v2\/types\/product"}],"wp:featuredmedia":[{"embeddable":true,"href":"https:\/\/palmaequipmentrental.com\/es\/wp-json\/wp\/v2\/media\/10092"}],"wp:attachment":[{"href":"https:\/\/palmaequipmentrental.com\/es\/wp-json\/wp\/v2\/media?parent=10088"}],"wp:term":[{"taxonomy":"product_cat","embeddable":true,"href":"https:\/\/palmaequipmentrental.com\/es\/wp-json\/wp\/v2\/product_cat?post=10088"},{"taxonomy":"product_tag","embeddable":true,"href":"https:\/\/palmaequipmentrental.com\/es\/wp-json\/wp\/v2\/product_tag?post=10088"}],"curies":[{"name":"wp","href":"https:\/\/api.w.org\/{rel}","templated":true}]}}