{"id":10102,"date":"2022-07-19T09:32:54","date_gmt":"2022-07-19T09:32:54","guid":{"rendered":"https:\/\/www.palmaequipmentrental.com\/?post_type=product&#038;p=10102"},"modified":"2023-10-12T11:56:03","modified_gmt":"2023-10-12T11:56:03","slug":"kit-camara-mamiya-rz67-pro-ii","status":"publish","type":"product","link":"https:\/\/palmaequipmentrental.com\/es\/photo-video-equipment-mallorca\/kit-camara-mamiya-rz67-pro-ii\/","title":{"rendered":"Mamiya Kit C\u00e1mara RZ67 PRO II"},"content":{"rendered":"<p>Nuestro <strong>kit de c\u00e1mara Mamiya RZ67 PRO II<\/strong> incluye:<\/p>\n<ul>\n<li><strong>C\u00e1mara r\u00e9flex anal\u00f3gica de formato medio Mamiya RZ67 PRO II <\/strong><\/li>\n<li><strong>Winder II para avance motorizado autom\u00e1tico<\/strong><\/li>\n<li><strong>Visor de prisma AE II FE701<\/strong><\/li>\n<li><strong>2x respaldos de pel\u00edcula<\/strong><\/li>\n<li><strong>Bater\u00edas<\/strong><\/li>\n<\/ul>\n<p>C\u00e1mara r\u00e9flex anal\u00f3gica de formato medio dise\u00f1ada para uso profesional de alta gama.<\/p>\n<p><strong>Caracter\u00edsticas:<\/strong><\/p>\n<ul>\n<li>Capacidad de exposici\u00f3n\u00a0autom\u00e1tica cuando se combina con el prisma AE<\/li>\n<li>Capacidad de avance autom\u00e1tico cuando se combina con el Winder II<\/li>\n<li>Formato 6&#215;7 para una m\u00e1xima calidad de imagen y capacidad de ampliaci\u00f3n y recorte<\/li>\n<li>Mecanismo de respaldo giratorio que permite pasar sin esfuerzo de composiciones verticales a horizontales<\/li>\n<li>Mecanismo de enfoque de fuelle para facilitar el enfoque y los primeros planos<\/li>\n<li>Todos los objetivos tienen obturadores internos para la sincronizaci\u00f3n del flash a todas las velocidades de obturaci\u00f3n, desde B hasta 1\/400s<\/li>\n<li>F\u00e1cil bloqueo del espejo y exposici\u00f3n m\u00faltiple<\/li>\n<li>Velocidades de obturaci\u00f3n controladas electr\u00f3nicamente para una m\u00e1xima consistencia en la exposici\u00f3n<\/li>\n<li>Utiliza una bater\u00eda PX28 \/ 4LR44 o equivalente (incluida)<\/li>\n<li>Sistema totalmente modular: pantallas de enfoque, visores, respaldos y objetivos intercambiables<\/li>\n<\/ul>\n","protected":false},"excerpt":{"rendered":"<p>Nuestro kit de c\u00e1mara Mamiya RZ67 PRO II incluye: C\u00e1mara r\u00e9flex anal\u00f3gica de formato medio Mamiya RZ67 PRO II Winder II para avance motorizado autom\u00e1tico Visor de prisma AE II FE701 2x respaldos de pel\u00edcula Bater\u00edas C\u00e1mara r\u00e9flex anal\u00f3gica de formato medio dise\u00f1ada para uso profesional de alta gama. Caracter\u00edsticas: Capacidad de exposici\u00f3n\u00a0autom\u00e1tica cuando se combina con el prisma AE [&hellip;]<\/p>\n","protected":false},"featured_media":10105,"template":"","meta":[],"product_cat":[470],"product_tag":[],"class_list":{"0":"post-10102","1":"product","2":"type-product","3":"status-publish","4":"has-post-thumbnail","6":"product_cat-analogica","8":"first","9":"instock","10":"shipping-taxable","11":"purchasable","12":"product-type-simple"},"_links":{"self":[{"href":"https:\/\/palmaequipmentrental.com\/es\/wp-json\/wp\/v2\/product\/10102","targetHints":{"allow":["GET"]}}],"collection":[{"href":"https:\/\/palmaequipmentrental.com\/es\/wp-json\/wp\/v2\/product"}],"about":[{"href":"https:\/\/palmaequipmentrental.com\/es\/wp-json\/wp\/v2\/types\/product"}],"wp:featuredmedia":[{"embeddable":true,"href":"https:\/\/palmaequipmentrental.com\/es\/wp-json\/wp\/v2\/media\/10105"}],"wp:attachment":[{"href":"https:\/\/palmaequipmentrental.com\/es\/wp-json\/wp\/v2\/media?parent=10102"}],"wp:term":[{"taxonomy":"product_cat","embeddable":true,"href":"https:\/\/palmaequipmentrental.com\/es\/wp-json\/wp\/v2\/product_cat?post=10102"},{"taxonomy":"product_tag","embeddable":true,"href":"https:\/\/palmaequipmentrental.com\/es\/wp-json\/wp\/v2\/product_tag?post=10102"}],"curies":[{"name":"wp","href":"https:\/\/api.w.org\/{rel}","templated":true}]}}