{"id":10111,"date":"2022-07-19T11:03:37","date_gmt":"2022-07-19T11:03:37","guid":{"rendered":"https:\/\/www.palmaequipmentrental.com\/product\/mamiya-sekor-z-90mm-f3-5\/"},"modified":"2022-08-05T12:15:14","modified_gmt":"2022-08-05T12:15:14","slug":"mamiya-sekor-z-90mm-f3-5","status":"publish","type":"product","link":"https:\/\/palmaequipmentrental.com\/es\/photo-video-equipment-mallorca\/mamiya-sekor-z-90mm-f3-5\/","title":{"rendered":"Mamiya Sekor Z 90mm F3.5"},"content":{"rendered":"<p><strong>Mamiya Sekor Z 90mm F3.5<\/strong><\/p>\n<p><strong>Caracter\u00edsticas<\/strong><\/p>\n<ul>\n<li>Distancia focal: 90mm<\/li>\n<li>Tipo de montura: Mamiya RZ<\/li>\n<li>Relaci\u00f3n de reproducci\u00f3n m\u00e1xima: 0.51x<\/li>\n<li>Apertura m\u00e1xima: f\/3.5<\/li>\n<li>Apertura m\u00ednima: f\/32<\/li>\n<li>Elementos del objetivo: 6<\/li>\n<li>Grupos de lentes: 6<\/li>\n<li>Distancia m\u00ednima de enfoque: 0,43m<\/li>\n<li>Tama\u00f1o del filtro: 77mm<\/li>\n<li>Dimensiones: 97.2 x 82.1mm<\/li>\n<li>Peso: 690g<\/li>\n<\/ul>\n","protected":false},"excerpt":{"rendered":"<p>Mamiya Sekor Z 90mm F3.5 Caracter\u00edsticas Distancia focal: 90mm Tipo de montura: Mamiya RZ Relaci\u00f3n de reproducci\u00f3n m\u00e1xima: 0.51x Apertura m\u00e1xima: f\/3.5 Apertura m\u00ednima: f\/32 Elementos del objetivo: 6 Grupos de lentes: 6 Distancia m\u00ednima de enfoque: 0,43m Tama\u00f1o del filtro: 77mm Dimensiones: 97.2 x 82.1mm Peso: 690g<\/p>\n","protected":false},"featured_media":10167,"template":"","meta":[],"product_cat":[470],"product_tag":[],"class_list":{"0":"post-10111","1":"product","2":"type-product","3":"status-publish","4":"has-post-thumbnail","6":"product_cat-analogica","8":"first","9":"instock","10":"shipping-taxable","11":"purchasable","12":"product-type-simple"},"_links":{"self":[{"href":"https:\/\/palmaequipmentrental.com\/es\/wp-json\/wp\/v2\/product\/10111","targetHints":{"allow":["GET"]}}],"collection":[{"href":"https:\/\/palmaequipmentrental.com\/es\/wp-json\/wp\/v2\/product"}],"about":[{"href":"https:\/\/palmaequipmentrental.com\/es\/wp-json\/wp\/v2\/types\/product"}],"wp:featuredmedia":[{"embeddable":true,"href":"https:\/\/palmaequipmentrental.com\/es\/wp-json\/wp\/v2\/media\/10167"}],"wp:attachment":[{"href":"https:\/\/palmaequipmentrental.com\/es\/wp-json\/wp\/v2\/media?parent=10111"}],"wp:term":[{"taxonomy":"product_cat","embeddable":true,"href":"https:\/\/palmaequipmentrental.com\/es\/wp-json\/wp\/v2\/product_cat?post=10111"},{"taxonomy":"product_tag","embeddable":true,"href":"https:\/\/palmaequipmentrental.com\/es\/wp-json\/wp\/v2\/product_tag?post=10111"}],"curies":[{"name":"wp","href":"https:\/\/api.w.org\/{rel}","templated":true}]}}