{"id":10120,"date":"2022-07-19T11:14:45","date_gmt":"2022-07-19T11:14:45","guid":{"rendered":"https:\/\/www.palmaequipmentrental.com\/product\/mamiya-sekor-z-65mm-f4\/"},"modified":"2022-08-05T12:15:14","modified_gmt":"2022-08-05T12:15:14","slug":"mamiya-sekor-z-65mm-f4","status":"publish","type":"product","link":"https:\/\/palmaequipmentrental.com\/es\/photo-video-equipment-mallorca\/mamiya-sekor-z-65mm-f4\/","title":{"rendered":"Mamiya Sekor Z 65mm F4"},"content":{"rendered":"<p><strong>Mamiya Sekor Z 65mm F4<\/strong><\/p>\n<p><strong>Especificaciones<\/strong><\/p>\n<ul>\n<li>Longitud focal: 65mm<\/li>\n<li>Tipo de montura Mamiya: RZ<\/li>\n<li>Relaci\u00f3n de reproducci\u00f3n m\u00e1xima: 0,7x<\/li>\n<li>Apertura m\u00e1xima: f\/4<\/li>\n<li>Apertura m\u00ednima: f\/32<\/li>\n<li>Distancia m\u00ednima de enfoque: 0.35m<\/li>\n<li>Tama\u00f1o del filtro: 77 mm<\/li>\n<li>Dimensiones: 97.2 x 113mm<\/li>\n<li>Peso: 1060g<\/li>\n<\/ul>\n","protected":false},"excerpt":{"rendered":"<p>Mamiya Sekor Z 65mm F4 Especificaciones Longitud focal: 65mm Tipo de montura Mamiya: RZ Relaci\u00f3n de reproducci\u00f3n m\u00e1xima: 0,7x Apertura m\u00e1xima: f\/4 Apertura m\u00ednima: f\/32 Distancia m\u00ednima de enfoque: 0.35m Tama\u00f1o del filtro: 77 mm Dimensiones: 97.2 x 113mm Peso: 1060g<\/p>\n","protected":false},"featured_media":10118,"template":"","meta":[],"product_cat":[470],"product_tag":[],"class_list":{"0":"post-10120","1":"product","2":"type-product","3":"status-publish","4":"has-post-thumbnail","6":"product_cat-analogica","8":"first","9":"instock","10":"shipping-taxable","11":"purchasable","12":"product-type-simple"},"_links":{"self":[{"href":"https:\/\/palmaequipmentrental.com\/es\/wp-json\/wp\/v2\/product\/10120","targetHints":{"allow":["GET"]}}],"collection":[{"href":"https:\/\/palmaequipmentrental.com\/es\/wp-json\/wp\/v2\/product"}],"about":[{"href":"https:\/\/palmaequipmentrental.com\/es\/wp-json\/wp\/v2\/types\/product"}],"wp:featuredmedia":[{"embeddable":true,"href":"https:\/\/palmaequipmentrental.com\/es\/wp-json\/wp\/v2\/media\/10118"}],"wp:attachment":[{"href":"https:\/\/palmaequipmentrental.com\/es\/wp-json\/wp\/v2\/media?parent=10120"}],"wp:term":[{"taxonomy":"product_cat","embeddable":true,"href":"https:\/\/palmaequipmentrental.com\/es\/wp-json\/wp\/v2\/product_cat?post=10120"},{"taxonomy":"product_tag","embeddable":true,"href":"https:\/\/palmaequipmentrental.com\/es\/wp-json\/wp\/v2\/product_tag?post=10120"}],"curies":[{"name":"wp","href":"https:\/\/api.w.org\/{rel}","templated":true}]}}