{"id":10130,"date":"2022-07-19T11:58:49","date_gmt":"2022-07-19T11:58:49","guid":{"rendered":"https:\/\/www.palmaequipmentrental.com\/product\/mamiya-ae-prism-fe107\/"},"modified":"2022-08-05T12:15:14","modified_gmt":"2022-08-05T12:15:14","slug":"mamiya-ae-prism-fe107","status":"publish","type":"product","link":"https:\/\/palmaequipmentrental.com\/es\/photo-video-equipment-mallorca\/mamiya-ae-prism-fe107\/","title":{"rendered":"Mamiya AE Prism FE107"},"content":{"rendered":"<p>Visor de prisma <strong>Mamiya AE Prism FE107<\/strong> para la c\u00e1mara de formato medio Mamiya RZ Pro II.<\/p>\n<p><strong>Caracter\u00edsticas<\/strong><\/p>\n<ul>\n<li>Vista previa de la imagen sin invertir<\/li>\n<li>Medici\u00f3n de la exposici\u00f3n con opciones de medici\u00f3n media central y puntual<\/li>\n<li>Exposici\u00f3n autom\u00e1tica con compensaci\u00f3n de la exposici\u00f3n<\/li>\n<\/ul>\n","protected":false},"excerpt":{"rendered":"<p>Visor de prisma Mamiya AE Prism FE107 para la c\u00e1mara de formato medio Mamiya RZ Pro II. Caracter\u00edsticas Vista previa de la imagen sin invertir Medici\u00f3n de la exposici\u00f3n con opciones de medici\u00f3n media central y puntual Exposici\u00f3n autom\u00e1tica con compensaci\u00f3n de la exposici\u00f3n<\/p>\n","protected":false},"featured_media":10128,"template":"","meta":[],"product_cat":[470],"product_tag":[],"class_list":{"0":"post-10130","1":"product","2":"type-product","3":"status-publish","4":"has-post-thumbnail","6":"product_cat-analogica","8":"first","9":"instock","10":"shipping-taxable","11":"purchasable","12":"product-type-simple"},"_links":{"self":[{"href":"https:\/\/palmaequipmentrental.com\/es\/wp-json\/wp\/v2\/product\/10130","targetHints":{"allow":["GET"]}}],"collection":[{"href":"https:\/\/palmaequipmentrental.com\/es\/wp-json\/wp\/v2\/product"}],"about":[{"href":"https:\/\/palmaequipmentrental.com\/es\/wp-json\/wp\/v2\/types\/product"}],"wp:featuredmedia":[{"embeddable":true,"href":"https:\/\/palmaequipmentrental.com\/es\/wp-json\/wp\/v2\/media\/10128"}],"wp:attachment":[{"href":"https:\/\/palmaequipmentrental.com\/es\/wp-json\/wp\/v2\/media?parent=10130"}],"wp:term":[{"taxonomy":"product_cat","embeddable":true,"href":"https:\/\/palmaequipmentrental.com\/es\/wp-json\/wp\/v2\/product_cat?post=10130"},{"taxonomy":"product_tag","embeddable":true,"href":"https:\/\/palmaequipmentrental.com\/es\/wp-json\/wp\/v2\/product_tag?post=10130"}],"curies":[{"name":"wp","href":"https:\/\/api.w.org\/{rel}","templated":true}]}}