{"id":10137,"date":"2022-07-19T13:12:44","date_gmt":"2022-07-19T13:12:44","guid":{"rendered":"https:\/\/www.palmaequipmentrental.com\/product\/mamiya-winder-ii\/"},"modified":"2022-08-08T10:57:08","modified_gmt":"2022-08-08T10:57:08","slug":"mamiya-winder-ii","status":"publish","type":"product","link":"https:\/\/palmaequipmentrental.com\/es\/photo-video-equipment-mallorca\/mamiya-winder-ii\/","title":{"rendered":"Mamiya Winder II"},"content":{"rendered":"<p>El <strong>Power Winder II de Mamiya<\/strong> para la c\u00e1mara de formato medio Mamiya RZ Pro II.<\/p>\n<p>El Winder RZ de Mamiya libera al fot\u00f3grafo de la necesidad de activar manualmente el mecanismo de avance de la pel\u00edcula y del obturador. Esto permite que el fot\u00f3grafo se concentre completamente en el sujeto, mientras que el winder se encarga de los ajustes del obturador, el espejo y avance\u00a0de la pel\u00edcula.<\/p>\n","protected":false},"excerpt":{"rendered":"<p>El Power Winder II de Mamiya para la c\u00e1mara de formato medio Mamiya RZ Pro II. El Winder RZ de Mamiya libera al fot\u00f3grafo de la necesidad de activar manualmente el mecanismo de avance de la pel\u00edcula y del obturador. Esto permite que el fot\u00f3grafo se concentre completamente en el sujeto, mientras que el winder se encarga de los ajustes [&hellip;]<\/p>\n","protected":false},"featured_media":10135,"template":"","meta":[],"product_cat":[470],"product_tag":[],"class_list":{"0":"post-10137","1":"product","2":"type-product","3":"status-publish","4":"has-post-thumbnail","6":"product_cat-analogica","8":"first","9":"instock","10":"shipping-taxable","11":"purchasable","12":"product-type-simple"},"_links":{"self":[{"href":"https:\/\/palmaequipmentrental.com\/es\/wp-json\/wp\/v2\/product\/10137","targetHints":{"allow":["GET"]}}],"collection":[{"href":"https:\/\/palmaequipmentrental.com\/es\/wp-json\/wp\/v2\/product"}],"about":[{"href":"https:\/\/palmaequipmentrental.com\/es\/wp-json\/wp\/v2\/types\/product"}],"wp:featuredmedia":[{"embeddable":true,"href":"https:\/\/palmaequipmentrental.com\/es\/wp-json\/wp\/v2\/media\/10135"}],"wp:attachment":[{"href":"https:\/\/palmaequipmentrental.com\/es\/wp-json\/wp\/v2\/media?parent=10137"}],"wp:term":[{"taxonomy":"product_cat","embeddable":true,"href":"https:\/\/palmaequipmentrental.com\/es\/wp-json\/wp\/v2\/product_cat?post=10137"},{"taxonomy":"product_tag","embeddable":true,"href":"https:\/\/palmaequipmentrental.com\/es\/wp-json\/wp\/v2\/product_tag?post=10137"}],"curies":[{"name":"wp","href":"https:\/\/api.w.org\/{rel}","templated":true}]}}