{"id":10151,"date":"2022-07-20T07:26:16","date_gmt":"2022-07-20T07:26:16","guid":{"rendered":"https:\/\/www.palmaequipmentrental.com\/?post_type=product&#038;p=10151"},"modified":"2022-08-08T11:13:17","modified_gmt":"2022-08-08T11:13:17","slug":"mamiya-rz67-pro-ii-120-film-back","status":"publish","type":"product","link":"https:\/\/palmaequipmentrental.com\/es\/photo-video-equipment-mallorca\/mamiya-rz67-pro-ii-120-film-back\/","title":{"rendered":"Mamiya RZ67 Pro II 120 Film Back"},"content":{"rendered":"<p>Respaldo<strong>\u00a0120 Mamiya RZ67 Pro II<\/strong> para la c\u00e1mara anal\u00f3gica de formato medio Mamiya RZ Pro II.<\/p>\n<p>Este respaldo para el sistema Mamiya RZ67 utiliza un rollo de pel\u00edcula de 120, con capacidad para 10 fotogramas por rollo. El respaldo transmite informaci\u00f3n de ajuste ISO y es avanzado autom\u00e1ticamente por la mec\u00e1nica de la c\u00e1mara RZ (capacidad de exposici\u00f3n m\u00faltiple proporcionada por la c\u00e1mara). Se trata de un respaldo completo que consta de tres partes: la carcasa exterior que se acopla a la c\u00e1mara, el inserto de 120 que contiene la pel\u00edcula, y un Darkslide. Para evitar la exposici\u00f3n accidental de la pel\u00edcula, el revestimiento oscuro se bloquea cuando el respaldo se retira de la c\u00e1mara y no puede retirarse de la c\u00e1mara sin que el Darkslide proteja la pel\u00edcula. El respaldo gira 90\u00b0 para cambiar r\u00e1pida y f\u00e1cilmente a composiciones verticales. La versi\u00f3n II tambi\u00e9n cuenta con contadores de fotogramas dobles (uno montado en la parte superior para las horizontales y otro lateral para las verticales) para mejorar la visibilidad.<\/p>\n<p><strong>Caracter\u00edsticas:<\/strong><\/p>\n<ul>\n<li>Diez fotogramas de formato 6&#215;7 por rollo<\/li>\n<li>El soporte para el\u00a0Darkslide incorporado evita la p\u00e9rdida de este mientras se dispara<\/li>\n<li>El bloqueo del darkslide ayuda a evitar la exposici\u00f3n accidental de la pel\u00edcula<\/li>\n<li>Se puede desmontar y acoplar a la c\u00e1mara a mitad del rollo<\/li>\n<li>Palanca de desmontaje r\u00e1pido y f\u00e1cil con cierre de seguridad<\/li>\n<li>El dial de ajuste ISO integrado transmite la velocidad ISO a la c\u00e1mara y al visor prisma\/AE<\/li>\n<li>Soporte superior de la caja de la pel\u00edcula incorporado<\/li>\n<li>Avance del fotograma accionado por los mecanismos del cuerpo de la c\u00e1mara<\/li>\n<li>Gira 90 grados para facilitar la toma de fotogramas en vertical<\/li>\n<li>Contador de fotogramas doble: uno para el disparo horizontal y otro para el vertical<\/li>\n<\/ul>\n","protected":false},"excerpt":{"rendered":"<p>Respaldo\u00a0120 Mamiya RZ67 Pro II para la c\u00e1mara anal\u00f3gica de formato medio Mamiya RZ Pro II. Este respaldo para el sistema Mamiya RZ67 utiliza un rollo de pel\u00edcula de 120, con capacidad para 10 fotogramas por rollo. El respaldo transmite informaci\u00f3n de ajuste ISO y es avanzado autom\u00e1ticamente por la mec\u00e1nica de la c\u00e1mara RZ (capacidad de exposici\u00f3n m\u00faltiple proporcionada [&hellip;]<\/p>\n","protected":false},"featured_media":10149,"template":"","meta":[],"product_cat":[470],"product_tag":[],"class_list":{"0":"post-10151","1":"product","2":"type-product","3":"status-publish","4":"has-post-thumbnail","6":"product_cat-analogica","8":"first","9":"instock","10":"shipping-taxable","11":"purchasable","12":"product-type-simple"},"_links":{"self":[{"href":"https:\/\/palmaequipmentrental.com\/es\/wp-json\/wp\/v2\/product\/10151","targetHints":{"allow":["GET"]}}],"collection":[{"href":"https:\/\/palmaequipmentrental.com\/es\/wp-json\/wp\/v2\/product"}],"about":[{"href":"https:\/\/palmaequipmentrental.com\/es\/wp-json\/wp\/v2\/types\/product"}],"wp:featuredmedia":[{"embeddable":true,"href":"https:\/\/palmaequipmentrental.com\/es\/wp-json\/wp\/v2\/media\/10149"}],"wp:attachment":[{"href":"https:\/\/palmaequipmentrental.com\/es\/wp-json\/wp\/v2\/media?parent=10151"}],"wp:term":[{"taxonomy":"product_cat","embeddable":true,"href":"https:\/\/palmaequipmentrental.com\/es\/wp-json\/wp\/v2\/product_cat?post=10151"},{"taxonomy":"product_tag","embeddable":true,"href":"https:\/\/palmaequipmentrental.com\/es\/wp-json\/wp\/v2\/product_tag?post=10151"}],"curies":[{"name":"wp","href":"https:\/\/api.w.org\/{rel}","templated":true}]}}