{"id":10158,"date":"2022-07-20T08:15:00","date_gmt":"2022-07-20T08:15:00","guid":{"rendered":"https:\/\/www.palmaequipmentrental.com\/?post_type=product&#038;p=10158"},"modified":"2022-08-08T11:17:42","modified_gmt":"2022-08-08T11:17:42","slug":"mamiya-rz67-polaroid-back","status":"publish","type":"product","link":"https:\/\/palmaequipmentrental.com\/es\/photo-video-equipment-mallorca\/mamiya-rz67-polaroid-back\/","title":{"rendered":"Mamiya RZ67 Polaroid Back"},"content":{"rendered":"<p>El <strong>respaldo de pel\u00edcula Polaroid para Mamiya\u00a0<\/strong>proporciona fotos instant\u00e1neas de 68x68mm con la c\u00e1mara de formato medio Mamiya RZ Pro II.<\/p>\n<ul>\n<li>El respaldo Polaroid utiliza pel\u00edculas est\u00e1ndar de paquetes Polaroid de 3,25 x 4,25&#8243;.<\/li>\n<li>Tambi\u00e9n incluye un dial de velocidad de pel\u00edcula (ISO 25 a 6400)<\/li>\n<\/ul>\n","protected":false},"excerpt":{"rendered":"<p>El respaldo de pel\u00edcula Polaroid para Mamiya\u00a0proporciona fotos instant\u00e1neas de 68x68mm con la c\u00e1mara de formato medio Mamiya RZ Pro II. El respaldo Polaroid utiliza pel\u00edculas est\u00e1ndar de paquetes Polaroid de 3,25 x 4,25&#8243;. Tambi\u00e9n incluye un dial de velocidad de pel\u00edcula (ISO 25 a 6400)<\/p>\n","protected":false},"featured_media":10156,"template":"","meta":[],"product_cat":[470],"product_tag":[],"class_list":{"0":"post-10158","1":"product","2":"type-product","3":"status-publish","4":"has-post-thumbnail","6":"product_cat-analogica","8":"first","9":"instock","10":"shipping-taxable","11":"purchasable","12":"product-type-simple"},"_links":{"self":[{"href":"https:\/\/palmaequipmentrental.com\/es\/wp-json\/wp\/v2\/product\/10158","targetHints":{"allow":["GET"]}}],"collection":[{"href":"https:\/\/palmaequipmentrental.com\/es\/wp-json\/wp\/v2\/product"}],"about":[{"href":"https:\/\/palmaequipmentrental.com\/es\/wp-json\/wp\/v2\/types\/product"}],"wp:featuredmedia":[{"embeddable":true,"href":"https:\/\/palmaequipmentrental.com\/es\/wp-json\/wp\/v2\/media\/10156"}],"wp:attachment":[{"href":"https:\/\/palmaequipmentrental.com\/es\/wp-json\/wp\/v2\/media?parent=10158"}],"wp:term":[{"taxonomy":"product_cat","embeddable":true,"href":"https:\/\/palmaequipmentrental.com\/es\/wp-json\/wp\/v2\/product_cat?post=10158"},{"taxonomy":"product_tag","embeddable":true,"href":"https:\/\/palmaequipmentrental.com\/es\/wp-json\/wp\/v2\/product_tag?post=10158"}],"curies":[{"name":"wp","href":"https:\/\/api.w.org\/{rel}","templated":true}]}}