{"id":10188,"date":"2022-07-20T09:34:29","date_gmt":"2022-07-20T09:34:29","guid":{"rendered":"https:\/\/www.palmaequipmentrental.com\/product\/canon-selpy-printer-cp1300-2\/"},"modified":"2022-08-05T12:15:13","modified_gmt":"2022-08-05T12:15:13","slug":"canon-selpy-printer-cp1300-2","status":"publish","type":"product","link":"https:\/\/palmaequipmentrental.com\/es\/photo-video-equipment-mallorca\/canon-selpy-printer-cp1300-2\/","title":{"rendered":"Impresora Canon Selphy CP1300"},"content":{"rendered":"<p><strong>Impresora Canon Selphy CP1300<\/strong>.<\/p>\n<p>Una impresora Wi-Fi compacta y port\u00e1til que imprime fotos de calidad directamente desde tu c\u00e1mara o smartphone en cualquier lugar.<br \/>\nResoluci\u00f3n de impresi\u00f3n de 300 x 300 ppp en papel de tama\u00f1o postal de 5,08&#215;15,24 cm.<\/p>\n<p>*Papel no incluido en el precio<\/p>\n","protected":false},"excerpt":{"rendered":"<p>Impresora Canon Selphy CP1300. Una impresora Wi-Fi compacta y port\u00e1til que imprime fotos de calidad directamente desde tu c\u00e1mara o smartphone en cualquier lugar. Resoluci\u00f3n de impresi\u00f3n de 300 x 300 ppp en papel de tama\u00f1o postal de 5,08&#215;15,24 cm. *Papel no incluido en el precio<\/p>\n","protected":false},"featured_media":10180,"template":"","meta":[],"product_cat":[213],"product_tag":[],"class_list":{"0":"post-10188","1":"product","2":"type-product","3":"status-publish","4":"has-post-thumbnail","6":"product_cat-printers-es","8":"first","9":"instock","10":"shipping-taxable","11":"purchasable","12":"product-type-simple"},"_links":{"self":[{"href":"https:\/\/palmaequipmentrental.com\/es\/wp-json\/wp\/v2\/product\/10188","targetHints":{"allow":["GET"]}}],"collection":[{"href":"https:\/\/palmaequipmentrental.com\/es\/wp-json\/wp\/v2\/product"}],"about":[{"href":"https:\/\/palmaequipmentrental.com\/es\/wp-json\/wp\/v2\/types\/product"}],"wp:featuredmedia":[{"embeddable":true,"href":"https:\/\/palmaequipmentrental.com\/es\/wp-json\/wp\/v2\/media\/10180"}],"wp:attachment":[{"href":"https:\/\/palmaequipmentrental.com\/es\/wp-json\/wp\/v2\/media?parent=10188"}],"wp:term":[{"taxonomy":"product_cat","embeddable":true,"href":"https:\/\/palmaequipmentrental.com\/es\/wp-json\/wp\/v2\/product_cat?post=10188"},{"taxonomy":"product_tag","embeddable":true,"href":"https:\/\/palmaequipmentrental.com\/es\/wp-json\/wp\/v2\/product_tag?post=10188"}],"curies":[{"name":"wp","href":"https:\/\/api.w.org\/{rel}","templated":true}]}}