{"id":10307,"date":"2022-07-22T08:29:49","date_gmt":"2022-07-22T08:29:49","guid":{"rendered":"https:\/\/www.palmaequipmentrental.com\/?post_type=product&#038;p=10307"},"modified":"2023-10-12T11:54:22","modified_gmt":"2023-10-12T11:54:22","slug":"cali-sunswatter-grip-head","status":"publish","type":"product","link":"https:\/\/palmaequipmentrental.com\/es\/photo-video-equipment-mallorca\/cali-sunswatter-grip-head\/","title":{"rendered":"Abrazadera Cali Sunswatter"},"content":{"rendered":"<p>El <strong>California Sunbounce Swatty Grip Head Big<\/strong> es la conexi\u00f3n perfecta entre la secci\u00f3n transversal del tubo Sunswatter y la p\u00e9rtiga Boom.<\/p>\n<p>El tubo no debe quedar apretado, sino que debe poder girar libremente. Gracias a las crestas en las superficies de goma permanece siempre en el centro del puntal.<br \/>\nAs\u00ed, el tubo puede simplemente rotar dentro de la abrazadera cuando inesperadamente es volteado por el viento &#8211; sin da\u00f1ar la barra transversal.<\/p>\n","protected":false},"excerpt":{"rendered":"<p>El California Sunbounce Swatty Grip Head Big es la conexi\u00f3n perfecta entre la secci\u00f3n transversal del tubo Sunswatter y la p\u00e9rtiga Boom. El tubo no debe quedar apretado, sino que debe poder girar libremente. Gracias a las crestas en las superficies de goma permanece siempre en el centro del puntal. As\u00ed, el tubo puede simplemente rotar dentro de la abrazadera [&hellip;]<\/p>\n","protected":false},"featured_media":10305,"template":"","meta":[],"product_cat":[225,226,284],"product_tag":[],"class_list":{"0":"post-10307","1":"product","2":"type-product","3":"status-publish","4":"has-post-thumbnail","6":"product_cat-clamps-es","7":"product_cat-clamps2012-03-30-09-44-10-es","8":"product_cat-sunswatter-es","10":"first","11":"instock","12":"shipping-taxable","13":"purchasable","14":"product-type-simple"},"_links":{"self":[{"href":"https:\/\/palmaequipmentrental.com\/es\/wp-json\/wp\/v2\/product\/10307","targetHints":{"allow":["GET"]}}],"collection":[{"href":"https:\/\/palmaequipmentrental.com\/es\/wp-json\/wp\/v2\/product"}],"about":[{"href":"https:\/\/palmaequipmentrental.com\/es\/wp-json\/wp\/v2\/types\/product"}],"wp:featuredmedia":[{"embeddable":true,"href":"https:\/\/palmaequipmentrental.com\/es\/wp-json\/wp\/v2\/media\/10305"}],"wp:attachment":[{"href":"https:\/\/palmaequipmentrental.com\/es\/wp-json\/wp\/v2\/media?parent=10307"}],"wp:term":[{"taxonomy":"product_cat","embeddable":true,"href":"https:\/\/palmaequipmentrental.com\/es\/wp-json\/wp\/v2\/product_cat?post=10307"},{"taxonomy":"product_tag","embeddable":true,"href":"https:\/\/palmaequipmentrental.com\/es\/wp-json\/wp\/v2\/product_tag?post=10307"}],"curies":[{"name":"wp","href":"https:\/\/api.w.org\/{rel}","templated":true}]}}