{"id":10331,"date":"2022-07-25T10:26:09","date_gmt":"2022-07-25T10:26:09","guid":{"rendered":"https:\/\/www.palmaequipmentrental.com\/product\/cucoloris-metal-4x4\/"},"modified":"2023-02-01T20:02:34","modified_gmt":"2023-02-01T20:02:34","slug":"cucoloris-metal-4x4","status":"publish","type":"product","link":"https:\/\/palmaequipmentrental.com\/es\/photo-video-equipment-mallorca\/cucoloris-metal-4x4\/","title":{"rendered":"Cucoloris Metal 4&#215;4&#8242;"},"content":{"rendered":"<p><strong>Cucoloris Metal 4&#215;4&#8242;<\/strong><\/p>\n<p>Para proyectar sombras o siluetas con el fin de producir una iluminaci\u00f3n con patrones. El cucoloris se utiliza para crear un aspecto m\u00e1s natural al romper la luz y generar. Puede utilizarse para simular la luz que entra a trav\u00e9s de las hojas.<\/p>\n","protected":false},"excerpt":{"rendered":"<p>Cucoloris Metal 4&#215;4&#8242; Para proyectar sombras o siluetas con el fin de producir una iluminaci\u00f3n con patrones. El cucoloris se utiliza para crear un aspecto m\u00e1s natural al romper la luz y generar. Puede utilizarse para simular la luz que entra a trav\u00e9s de las hojas.<\/p>\n","protected":false},"featured_media":10329,"template":"","meta":[],"product_cat":[230,729],"product_tag":[],"class_list":{"0":"post-10331","1":"product","2":"type-product","3":"status-publish","4":"has-post-thumbnail","6":"product_cat-flags-nets-stands-a-grip2012-03-30-09-24-32-es","7":"product_cat-banderas-nets-es","9":"first","10":"instock","11":"shipping-taxable","12":"purchasable","13":"product-type-simple"},"_links":{"self":[{"href":"https:\/\/palmaequipmentrental.com\/es\/wp-json\/wp\/v2\/product\/10331","targetHints":{"allow":["GET"]}}],"collection":[{"href":"https:\/\/palmaequipmentrental.com\/es\/wp-json\/wp\/v2\/product"}],"about":[{"href":"https:\/\/palmaequipmentrental.com\/es\/wp-json\/wp\/v2\/types\/product"}],"wp:featuredmedia":[{"embeddable":true,"href":"https:\/\/palmaequipmentrental.com\/es\/wp-json\/wp\/v2\/media\/10329"}],"wp:attachment":[{"href":"https:\/\/palmaequipmentrental.com\/es\/wp-json\/wp\/v2\/media?parent=10331"}],"wp:term":[{"taxonomy":"product_cat","embeddable":true,"href":"https:\/\/palmaequipmentrental.com\/es\/wp-json\/wp\/v2\/product_cat?post=10331"},{"taxonomy":"product_tag","embeddable":true,"href":"https:\/\/palmaequipmentrental.com\/es\/wp-json\/wp\/v2\/product_tag?post=10331"}],"curies":[{"name":"wp","href":"https:\/\/api.w.org\/{rel}","templated":true}]}}