{"id":10637,"date":"2022-08-08T09:50:13","date_gmt":"2022-08-08T09:50:13","guid":{"rendered":"https:\/\/www.palmaequipmentrental.com\/?post_type=product&#038;p=10637"},"modified":"2023-10-12T11:49:25","modified_gmt":"2023-10-12T11:49:25","slug":"black-pro-mist-1-4-77mm","status":"publish","type":"product","link":"https:\/\/palmaequipmentrental.com\/es\/photo-video-equipment-mallorca\/black-pro-mist-1-4-77mm\/","title":{"rendered":"Filtro Black Pro-Mist 1\/4\u00a077mm"},"content":{"rendered":"<p><strong>Tiffen Black Pro-Mist 1\/4 77mm<\/strong><\/p>\n<p>El filtro Tiffen Black Pro-Mist proporciona un efecto de halaci\u00f3n que a\u00f1ade una agradable profundidad de calidez, pero no se transporta a los valores del tono de la piel. Ayuda a reducir el valor de las altas luces, al tiempo que disminuye ligeramente el contraste general. Este filtro es especialmente \u00fatil para suavizar y atenuar las arrugas faciales y otras imperfecciones. A diferencia de un filtro tradicional de difusi\u00f3n o de enfoque suave, los filtros Pro-Mist proporcionan poca p\u00e9rdida de detalle en la imagen.<\/p>\n<ul>\n<li>77mm<\/li>\n<li>Reduce las altas luces y disminuye el contraste.<\/li>\n<li>Suaviza las arrugas y las manchas de la piel.<\/li>\n<li>Crea una calidad de luz suave.<\/li>\n<li>Tecnolog\u00eda ColorCore.<\/li>\n<li>Ofrece todas las ventajas del filtro Pro-Mist de forma m\u00e1s sutil.<\/li>\n<li>Se controlan los destellos.<\/li>\n<li>El contraste se reduce, pero con un menor aclaramiento de las sombras para un efecto m\u00e1s delicado.<\/li>\n<li>Crea un efecto \u00abpastel\u00bb de luz suave.<\/li>\n<li>Efecto delicado con destellos de luz contenidos.<\/li>\n<\/ul>\n","protected":false},"excerpt":{"rendered":"<p>Tiffen Black Pro-Mist 1\/4 77mm El filtro Tiffen Black Pro-Mist proporciona un efecto de halaci\u00f3n que a\u00f1ade una agradable profundidad de calidez, pero no se transporta a los valores del tono de la piel. Ayuda a reducir el valor de las altas luces, al tiempo que disminuye ligeramente el contraste general. Este filtro es especialmente \u00fatil para suavizar y atenuar [&hellip;]<\/p>\n","protected":false},"featured_media":10635,"template":"","meta":[],"product_cat":[405,446],"product_tag":[],"class_list":{"0":"post-10637","1":"product","2":"type-product","3":"status-publish","4":"has-post-thumbnail","6":"product_cat-filtros-es","7":"product_cat-filtros-anillos-adaptadores","9":"first","10":"instock","11":"shipping-taxable","12":"purchasable","13":"product-type-simple"},"_links":{"self":[{"href":"https:\/\/palmaequipmentrental.com\/es\/wp-json\/wp\/v2\/product\/10637","targetHints":{"allow":["GET"]}}],"collection":[{"href":"https:\/\/palmaequipmentrental.com\/es\/wp-json\/wp\/v2\/product"}],"about":[{"href":"https:\/\/palmaequipmentrental.com\/es\/wp-json\/wp\/v2\/types\/product"}],"wp:featuredmedia":[{"embeddable":true,"href":"https:\/\/palmaequipmentrental.com\/es\/wp-json\/wp\/v2\/media\/10635"}],"wp:attachment":[{"href":"https:\/\/palmaequipmentrental.com\/es\/wp-json\/wp\/v2\/media?parent=10637"}],"wp:term":[{"taxonomy":"product_cat","embeddable":true,"href":"https:\/\/palmaequipmentrental.com\/es\/wp-json\/wp\/v2\/product_cat?post=10637"},{"taxonomy":"product_tag","embeddable":true,"href":"https:\/\/palmaequipmentrental.com\/es\/wp-json\/wp\/v2\/product_tag?post=10637"}],"curies":[{"name":"wp","href":"https:\/\/api.w.org\/{rel}","templated":true}]}}