{"id":10825,"date":"2022-08-12T12:44:33","date_gmt":"2022-08-12T12:44:33","guid":{"rendered":"https:\/\/www.palmaequipmentrental.com\/?post_type=product&#038;p=10825"},"modified":"2025-08-05T11:06:58","modified_gmt":"2025-08-05T11:06:58","slug":"renault-master-l3h3-van","status":"publish","type":"product","link":"https:\/\/palmaequipmentrental.com\/es\/photo-video-equipment-mallorca\/renault-master-l3h3-van\/","title":{"rendered":"Furgo Renault Master L3H3 14.8m3"},"content":{"rendered":"<p><strong>Renault Master L3H3 Furg\u00f3n<\/strong><\/p>\n<ul>\n<li>Volumen: 14,8m\u00b3<\/li>\n<li>Anchura interior: 1.765m<\/li>\n<li>Longitud interior: 3,7m<\/li>\n<li>Capacidad de carga: 1427Kg<\/li>\n<li>El conductor debe ser mayor de 25 a\u00f1os y tener un m\u00ednimo de 4 a\u00f1os de carnet de conducir<\/li>\n<li>Seguro a todo riesgo con exceso de 350\u20ac por siniestro<\/li>\n<li>Aparcamiento nocturno seguro incluido<\/li>\n<li>No incluye el gas\u00f3leo<\/li>\n<\/ul>\n<p><a href=\"https:\/\/youtu.be\/OS1oPKzYdDs\">Check our video!<\/a><\/p>\n","protected":false},"excerpt":{"rendered":"<p>Renault Master L3H3 Furg\u00f3n Volumen: 14,8m\u00b3 Anchura interior: 1.765m Longitud interior: 3,7m Capacidad de carga: 1427Kg El conductor debe ser mayor de 25 a\u00f1os y tener un m\u00ednimo de 4 a\u00f1os de carnet de conducir Seguro a todo riesgo con exceso de 350\u20ac por siniestro Aparcamiento nocturno seguro incluido No incluye el gas\u00f3leo Check our video!<\/p>\n","protected":false},"featured_media":10832,"template":"","meta":[],"product_cat":[186],"product_tag":[],"class_list":{"0":"post-10825","1":"product","2":"type-product","3":"status-publish","4":"has-post-thumbnail","6":"product_cat-on-location-es","8":"first","9":"instock","10":"featured","11":"shipping-taxable","12":"purchasable","13":"product-type-simple"},"_links":{"self":[{"href":"https:\/\/palmaequipmentrental.com\/es\/wp-json\/wp\/v2\/product\/10825","targetHints":{"allow":["GET"]}}],"collection":[{"href":"https:\/\/palmaequipmentrental.com\/es\/wp-json\/wp\/v2\/product"}],"about":[{"href":"https:\/\/palmaequipmentrental.com\/es\/wp-json\/wp\/v2\/types\/product"}],"wp:featuredmedia":[{"embeddable":true,"href":"https:\/\/palmaequipmentrental.com\/es\/wp-json\/wp\/v2\/media\/10832"}],"wp:attachment":[{"href":"https:\/\/palmaequipmentrental.com\/es\/wp-json\/wp\/v2\/media?parent=10825"}],"wp:term":[{"taxonomy":"product_cat","embeddable":true,"href":"https:\/\/palmaequipmentrental.com\/es\/wp-json\/wp\/v2\/product_cat?post=10825"},{"taxonomy":"product_tag","embeddable":true,"href":"https:\/\/palmaequipmentrental.com\/es\/wp-json\/wp\/v2\/product_tag?post=10825"}],"curies":[{"name":"wp","href":"https:\/\/api.w.org\/{rel}","templated":true}]}}