{"id":10856,"date":"2022-08-16T09:16:58","date_gmt":"2022-08-16T09:16:58","guid":{"rendered":"https:\/\/www.palmaequipmentrental.com\/product\/8x8-unbleached-muslin\/"},"modified":"2022-10-27T08:29:26","modified_gmt":"2022-10-27T08:29:26","slug":"8x8-unbleached-muslin","status":"publish","type":"product","link":"https:\/\/palmaequipmentrental.com\/es\/photo-video-equipment-mallorca\/8x8-unbleached-muslin\/","title":{"rendered":"8X8&#8242; Muselina Sin Blanquear"},"content":{"rendered":"<p><strong>Muselina sin blanquear de 240x240cm<\/strong> con cuerdas para el marco de 8&#215;8&#8242;.<\/p>\n<p>Proporciona una suave difusi\u00f3n con un tono m\u00e1s c\u00e1lido que la muselina blanqueada.<\/p>\n","protected":false},"excerpt":{"rendered":"<p>Muselina sin blanquear de 240x240cm con cuerdas para el marco de 8&#215;8&#8242;. Proporciona una suave difusi\u00f3n con un tono m\u00e1s c\u00e1lido que la muselina blanqueada.<\/p>\n","protected":false},"featured_media":10363,"template":"","meta":[],"product_cat":[826,819],"product_tag":[],"class_list":{"0":"post-10856","1":"product","2":"type-product","3":"status-publish","4":"has-post-thumbnail","6":"product_cat-8x8-butterfly-es","7":"product_cat-8x8-butterfly-v-es","9":"first","10":"instock","11":"shipping-taxable","12":"purchasable","13":"product-type-simple"},"_links":{"self":[{"href":"https:\/\/palmaequipmentrental.com\/es\/wp-json\/wp\/v2\/product\/10856","targetHints":{"allow":["GET"]}}],"collection":[{"href":"https:\/\/palmaequipmentrental.com\/es\/wp-json\/wp\/v2\/product"}],"about":[{"href":"https:\/\/palmaequipmentrental.com\/es\/wp-json\/wp\/v2\/types\/product"}],"wp:featuredmedia":[{"embeddable":true,"href":"https:\/\/palmaequipmentrental.com\/es\/wp-json\/wp\/v2\/media\/10363"}],"wp:attachment":[{"href":"https:\/\/palmaequipmentrental.com\/es\/wp-json\/wp\/v2\/media?parent=10856"}],"wp:term":[{"taxonomy":"product_cat","embeddable":true,"href":"https:\/\/palmaequipmentrental.com\/es\/wp-json\/wp\/v2\/product_cat?post=10856"},{"taxonomy":"product_tag","embeddable":true,"href":"https:\/\/palmaequipmentrental.com\/es\/wp-json\/wp\/v2\/product_tag?post=10856"}],"curies":[{"name":"wp","href":"https:\/\/api.w.org\/{rel}","templated":true}]}}