{"id":11158,"date":"2022-09-16T11:30:35","date_gmt":"2022-09-16T11:30:35","guid":{"rendered":"https:\/\/www.palmaequipmentrental.com\/?post_type=product&#038;p=11158"},"modified":"2022-10-04T10:13:42","modified_gmt":"2022-10-04T10:13:42","slug":"makita-battery","status":"publish","type":"product","link":"https:\/\/palmaequipmentrental.com\/es\/photo-video-equipment-mallorca\/makita-battery\/","title":{"rendered":"Makita Bater\u00eda"},"content":{"rendered":"<p>Bater\u00eda\u00a0<strong>Makita\u00a0(BL1850B) 18V LXT<\/strong>\u00a0para el soplador port\u00e1til Makita.<\/p>\n<p><strong>Especificaciones:<\/strong><\/p>\n<ul>\n<li>Indicador LED de nivel de carga integrado.<\/li>\n<li>Tensi\u00f3n: 18V<\/li>\n<li>Capacidad de la bater\u00eda (Ah): 5.0Ah<\/li>\n<li>Tipo de bater\u00eda : Ion-Litio<\/li>\n<li>Tiempo de carga de la bater\u00eda: 45 min<\/li>\n<\/ul>\n","protected":false},"excerpt":{"rendered":"<p>Bater\u00eda\u00a0Makita\u00a0(BL1850B) 18V LXT\u00a0para el soplador port\u00e1til Makita. Especificaciones: Indicador LED de nivel de carga integrado. Tensi\u00f3n: 18V Capacidad de la bater\u00eda (Ah): 5.0Ah Tipo de bater\u00eda : Ion-Litio Tiempo de carga de la bater\u00eda: 45 min<\/p>\n","protected":false},"featured_media":11156,"template":"","meta":[],"product_cat":[216,217],"product_tag":[],"class_list":{"0":"post-11158","1":"product","2":"type-product","3":"status-publish","4":"has-post-thumbnail","6":"product_cat-ventiladores","7":"product_cat-ventiladores-2","9":"first","10":"instock","11":"shipping-taxable","12":"purchasable","13":"product-type-simple"},"_links":{"self":[{"href":"https:\/\/palmaequipmentrental.com\/es\/wp-json\/wp\/v2\/product\/11158","targetHints":{"allow":["GET"]}}],"collection":[{"href":"https:\/\/palmaequipmentrental.com\/es\/wp-json\/wp\/v2\/product"}],"about":[{"href":"https:\/\/palmaequipmentrental.com\/es\/wp-json\/wp\/v2\/types\/product"}],"wp:featuredmedia":[{"embeddable":true,"href":"https:\/\/palmaequipmentrental.com\/es\/wp-json\/wp\/v2\/media\/11156"}],"wp:attachment":[{"href":"https:\/\/palmaequipmentrental.com\/es\/wp-json\/wp\/v2\/media?parent=11158"}],"wp:term":[{"taxonomy":"product_cat","embeddable":true,"href":"https:\/\/palmaequipmentrental.com\/es\/wp-json\/wp\/v2\/product_cat?post=11158"},{"taxonomy":"product_tag","embeddable":true,"href":"https:\/\/palmaequipmentrental.com\/es\/wp-json\/wp\/v2\/product_tag?post=11158"}],"curies":[{"name":"wp","href":"https:\/\/api.w.org\/{rel}","templated":true}]}}