{"id":11167,"date":"2022-09-16T12:06:05","date_gmt":"2022-09-16T12:06:05","guid":{"rendered":"https:\/\/www.palmaequipmentrental.com\/?post_type=product&#038;p=11167"},"modified":"2022-09-16T12:19:41","modified_gmt":"2022-09-16T12:19:41","slug":"makita-battery-charger","status":"publish","type":"product","link":"https:\/\/palmaequipmentrental.com\/es\/photo-video-equipment-mallorca\/makita-battery-charger\/","title":{"rendered":"Makita Cargador"},"content":{"rendered":"<p><strong>Cargador r\u00e1pido Makita 18V LXT (DC18RC)<\/strong> para bater\u00edas de soplador port\u00e1til Makita.<\/p>\n<p>Carga una bater\u00eda de 18V 5.0Ah (BL1850B) en s\u00f3lo 45 minutos.<\/p>\n","protected":false},"excerpt":{"rendered":"<p>Cargador r\u00e1pido Makita 18V LXT (DC18RC) para bater\u00edas de soplador port\u00e1til Makita. Carga una bater\u00eda de 18V 5.0Ah (BL1850B) en s\u00f3lo 45 minutos.<\/p>\n","protected":false},"featured_media":11165,"template":"","meta":[],"product_cat":[216,217],"product_tag":[],"class_list":{"0":"post-11167","1":"product","2":"type-product","3":"status-publish","4":"has-post-thumbnail","6":"product_cat-ventiladores","7":"product_cat-ventiladores-2","9":"first","10":"instock","11":"shipping-taxable","12":"purchasable","13":"product-type-simple"},"_links":{"self":[{"href":"https:\/\/palmaequipmentrental.com\/es\/wp-json\/wp\/v2\/product\/11167","targetHints":{"allow":["GET"]}}],"collection":[{"href":"https:\/\/palmaequipmentrental.com\/es\/wp-json\/wp\/v2\/product"}],"about":[{"href":"https:\/\/palmaequipmentrental.com\/es\/wp-json\/wp\/v2\/types\/product"}],"wp:featuredmedia":[{"embeddable":true,"href":"https:\/\/palmaequipmentrental.com\/es\/wp-json\/wp\/v2\/media\/11165"}],"wp:attachment":[{"href":"https:\/\/palmaequipmentrental.com\/es\/wp-json\/wp\/v2\/media?parent=11167"}],"wp:term":[{"taxonomy":"product_cat","embeddable":true,"href":"https:\/\/palmaequipmentrental.com\/es\/wp-json\/wp\/v2\/product_cat?post=11167"},{"taxonomy":"product_tag","embeddable":true,"href":"https:\/\/palmaequipmentrental.com\/es\/wp-json\/wp\/v2\/product_tag?post=11167"}],"curies":[{"name":"wp","href":"https:\/\/api.w.org\/{rel}","templated":true}]}}