{"id":11177,"date":"2022-09-16T12:54:21","date_gmt":"2022-09-16T12:54:21","guid":{"rendered":"https:\/\/www.palmaequipmentrental.com\/product\/floor-stand-base-wheels\/"},"modified":"2023-10-11T15:35:28","modified_gmt":"2023-10-11T15:35:28","slug":"floor-stand-base-wheels","status":"publish","type":"product","link":"https:\/\/palmaequipmentrental.com\/es\/photo-video-equipment-mallorca\/floor-stand-base-wheels\/","title":{"rendered":"Base con Ruedas para Tr\u00edpode"},"content":{"rendered":"<p><strong>Base Manfrotto (297BBASE)<\/strong> con ruedas con freno.<\/p>\n<ul>\n<li>Altura m\u00ednima: 28 cm<\/li>\n<li>Fijaci\u00f3n superior: Toma de 1\/8\u2033 (28mm), tornillo de 3\/8\u2033(9,5mm), perno de 5\/8\u2033 (16mm).<\/li>\n<li>Longitud cerrado: 52 cm<\/li>\n<li>Peso: 5,7 kg<\/li>\n<li>Di\u00e1metro m\u00e1ximo: 100 cm<\/li>\n<li>Carga \u00fatil: 40 kg<\/li>\n<\/ul>\n","protected":false},"excerpt":{"rendered":"<p>Base Manfrotto (297BBASE) con ruedas con freno. Altura m\u00ednima: 28 cm Fijaci\u00f3n superior: Toma de 1\/8\u2033 (28mm), tornillo de 3\/8\u2033(9,5mm), perno de 5\/8\u2033 (16mm). Longitud cerrado: 52 cm Peso: 5,7 kg Di\u00e1metro m\u00e1ximo: 100 cm Carga \u00fatil: 40 kg<\/p>\n","protected":false},"featured_media":11827,"template":"","meta":[],"product_cat":[227,228],"product_tag":[],"class_list":{"0":"post-11177","1":"product","2":"type-product","3":"status-publish","4":"has-post-thumbnail","6":"product_cat-tripodes-de-luz-2","7":"product_cat-tripodes-de-luz","9":"first","10":"instock","11":"shipping-taxable","12":"purchasable","13":"product-type-simple"},"_links":{"self":[{"href":"https:\/\/palmaequipmentrental.com\/es\/wp-json\/wp\/v2\/product\/11177","targetHints":{"allow":["GET"]}}],"collection":[{"href":"https:\/\/palmaequipmentrental.com\/es\/wp-json\/wp\/v2\/product"}],"about":[{"href":"https:\/\/palmaequipmentrental.com\/es\/wp-json\/wp\/v2\/types\/product"}],"wp:featuredmedia":[{"embeddable":true,"href":"https:\/\/palmaequipmentrental.com\/es\/wp-json\/wp\/v2\/media\/11827"}],"wp:attachment":[{"href":"https:\/\/palmaequipmentrental.com\/es\/wp-json\/wp\/v2\/media?parent=11177"}],"wp:term":[{"taxonomy":"product_cat","embeddable":true,"href":"https:\/\/palmaequipmentrental.com\/es\/wp-json\/wp\/v2\/product_cat?post=11177"},{"taxonomy":"product_tag","embeddable":true,"href":"https:\/\/palmaequipmentrental.com\/es\/wp-json\/wp\/v2\/product_tag?post=11177"}],"curies":[{"name":"wp","href":"https:\/\/api.w.org\/{rel}","templated":true}]}}